{"id":1151,"date":"2021-08-06T17:52:03","date_gmt":"2021-08-06T15:52:03","guid":{"rendered":"http:\/\/cabinetosmose.com\/?page_id=1151"},"modified":"2021-11-08T10:12:41","modified_gmt":"2021-11-08T09:12:41","slug":"reequilibrage-alimentaire","status":"publish","type":"page","link":"https:\/\/cabinetosmose.com\/index.php\/reequilibrage-alimentaire\/","title":{"rendered":"R\u00c9\u00c9QUILIBRAGE ALIMENTAIRE"},"content":{"rendered":"\n<div class=\"wp-block-media-text alignwide is-stacked-on-mobile is-image-fill eplus-Aduxzk\"><figure class=\"wp-block-media-text__media\" style=\"background-image:url(https:\/\/cabinetosmose.com\/wp-content\/uploads\/2021\/08\/reequil-alim-1-724x1024.png);background-position:50% 50%\"><img loading=\"lazy\" decoding=\"async\" width=\"724\" height=\"1024\" src=\"https:\/\/cabinetosmose.com\/wp-content\/uploads\/2021\/08\/reequil-alim-1-724x1024.png\" alt=\"\" class=\"wp-image-1153 size-full\" srcset=\"https:\/\/cabinetosmose.com\/wp-content\/uploads\/2021\/08\/reequil-alim-1-724x1024.png 724w, https:\/\/cabinetosmose.com\/wp-content\/uploads\/2021\/08\/reequil-alim-1-212x300.png 212w, https:\/\/cabinetosmose.com\/wp-content\/uploads\/2021\/08\/reequil-alim-1-768x1086.png 768w, https:\/\/cabinetosmose.com\/wp-content\/uploads\/2021\/08\/reequil-alim-1-1086x1536.png 1086w, https:\/\/cabinetosmose.com\/wp-content\/uploads\/2021\/08\/reequil-alim-1-500x707.png 500w, https:\/\/cabinetosmose.com\/wp-content\/uploads\/2021\/08\/reequil-alim-1-800x1132.png 800w, https:\/\/cabinetosmose.com\/wp-content\/uploads\/2021\/08\/reequil-alim-1-1280x1810.png 1280w, https:\/\/cabinetosmose.com\/wp-content\/uploads\/2021\/08\/reequil-alim-1.png 1414w\" sizes=\"auto, (max-width: 724px) 100vw, 724px\" \/><\/figure><div class=\"wp-block-media-text__content\">\n<p class=\"eplus-Oe8juI\" style=\"font-size:19px\">L&rsquo;abondance et l&rsquo;industrialisation de la nourriture nous am\u00e8nent peu \u00e0 peu \u00e0 ne plus tr\u00e8s bien savoir quand se nourrir? Quels aliments choisir?  Nous nous sommes lentement d\u00e9connect\u00e9s de nos besoins primaires et sommes  de moins en moins \u00e0 l&rsquo;\u00e9coute des signaux de notre corps. Nous confondons la faim r\u00e9elle avec les pulsions li\u00e9es aux \u00e9motions que nous  refoulons en nous tournant vers des aliments r\u00e9confortants mais d\u00e9nu\u00e9s de toute qualit\u00e9 nutritionnelle.<\/p>\n\n\n\n<p class=\"eplus-3kpGWj\" style=\"font-size:19px\">Le r\u00e9\u00e9quilibrage alimentaire a pour objectif de remettre du bon sens, de la vitalit\u00e9 et de la joie dans nos assiettes en prenant conscience des aliments qui sont appropri\u00e9s \u00e0 notre terrain (h\u00e9r\u00e9dit\u00e9, constitution, forces et fragilit\u00e9s de certains de nos organes,  degr\u00e9 de tox\u00e9mie dans l&rsquo;organisme), en adoptant une vision globale de notre alimentation (en fonction de notre activit\u00e9 professionnelle, vie sociale, activit\u00e9 physique&#8230;) et surtout en \u00e9vitant les frustrations par un travail sur soi. <\/p>\n\n\n\n<p class=\"eplus-AA2S6C\" style=\"font-size:19px\">Retrouvons le plaisir de manger en ad\u00e9quation avec ce que nous sommes!<\/p>\n\n\n\n<p class=\"has-text-align-left eplus-28ten8 has-text-color has-medium-font-size\" style=\"color:#c84b5e\"><em>\u00ab\u00a0Que ton alimentation soit ta premi\u00e8re m\u00e9decine\u00a0\u00bb     Hippocrate   <\/em>                <\/p>\n<\/div><\/div>\n","protected":false},"excerpt":{"rendered":"<p>L&rsquo;abondance et l&rsquo;industrialisation de la nourriture nous am\u00e8nent peu \u00e0 peu \u00e0 ne plus tr\u00e8s bien savoir quand se nourrir? Quels aliments choisir? Nous nous sommes lentement d\u00e9connect\u00e9s de nos besoins primaires et sommes de moins en moins \u00e0 l&rsquo;\u00e9coute des signaux de notre corps. Nous confondons la faim r\u00e9elle avec les pulsions li\u00e9es aux <a class=\"read-more\" href=\"https:\/\/cabinetosmose.com\/index.php\/reequilibrage-alimentaire\/\">READ MORE<\/a><\/p>\n","protected":false},"author":2,"featured_media":0,"parent":0,"menu_order":0,"comment_status":"closed","ping_status":"closed","template":"template-gutenberg.php","meta":{"editor_plus_copied_stylings":"{}","_mi_skip_tracking":false,"_monsterinsights_sitenote_active":false,"_monsterinsights_sitenote_note":"","_monsterinsights_sitenote_category":0,"footnotes":""},"class_list":["post-1151","page","type-page","status-publish","hentry"],"yoast_head":"<!-- This site is optimized with the Yoast SEO plugin v21.4 - https:\/\/yoast.com\/wordpress\/plugins\/seo\/ -->\n<title>R\u00c9\u00c9QUILIBRAGE ALIMENTAIRE - Sandrine Briot - Cabinet Osmose<\/title>\n<meta name=\"description\" content=\"Sandrine Briot - Cabinet Osmose R\u00c9\u00c9QUILIBRAGE ALIMENTAIRE\" \/>\n<meta name=\"robots\" content=\"index, follow, max-snippet:-1, max-image-preview:large, max-video-preview:-1\" \/>\n<link rel=\"canonical\" href=\"https:\/\/cabinetosmose.com\/index.php\/reequilibrage-alimentaire\/\" \/>\n<meta property=\"og:locale\" content=\"fr_FR\" \/>\n<meta property=\"og:type\" content=\"article\" \/>\n<meta property=\"og:title\" content=\"R\u00c9\u00c9QUILIBRAGE ALIMENTAIRE - Sandrine Briot - Cabinet Osmose\" \/>\n<meta property=\"og:description\" content=\"Sandrine Briot - Cabinet Osmose R\u00c9\u00c9QUILIBRAGE ALIMENTAIRE\" \/>\n<meta property=\"og:url\" content=\"https:\/\/cabinetosmose.com\/index.php\/reequilibrage-alimentaire\/\" \/>\n<meta property=\"og:site_name\" content=\"Sandrine Briot - Cabinet Osmose\" \/>\n<meta property=\"article:publisher\" content=\"https:\/\/www.facebook.com\/profile.php?id=100070860880540\" \/>\n<meta property=\"article:modified_time\" content=\"2021-11-08T09:12:41+00:00\" \/>\n<meta property=\"og:image\" content=\"http:\/\/cabinetosmose.com\/wp-content\/uploads\/2021\/08\/reequil-alim-1-724x1024.png\" \/>\n<meta name=\"twitter:card\" content=\"summary_large_image\" \/>\n<meta name=\"twitter:label1\" content=\"Dur\u00e9e de lecture estim\u00e9e\" \/>\n\t<meta name=\"twitter:data1\" content=\"1 minute\" \/>\n<script type=\"application\/ld+json\" class=\"yoast-schema-graph\">{\"@context\":\"https:\/\/schema.org\",\"@graph\":[{\"@type\":\"WebPage\",\"@id\":\"https:\/\/cabinetosmose.com\/index.php\/reequilibrage-alimentaire\/\",\"url\":\"https:\/\/cabinetosmose.com\/index.php\/reequilibrage-alimentaire\/\",\"name\":\"R\u00c9\u00c9QUILIBRAGE ALIMENTAIRE - Sandrine Briot - Cabinet Osmose\",\"isPartOf\":{\"@id\":\"https:\/\/cabinetosmose.com\/#website\"},\"datePublished\":\"2021-08-06T15:52:03+00:00\",\"dateModified\":\"2021-11-08T09:12:41+00:00\",\"description\":\"Sandrine Briot - Cabinet Osmose R\u00c9\u00c9QUILIBRAGE ALIMENTAIRE\",\"breadcrumb\":{\"@id\":\"https:\/\/cabinetosmose.com\/index.php\/reequilibrage-alimentaire\/#breadcrumb\"},\"inLanguage\":\"fr-FR\",\"potentialAction\":[{\"@type\":\"ReadAction\",\"target\":[\"https:\/\/cabinetosmose.com\/index.php\/reequilibrage-alimentaire\/\"]}]},{\"@type\":\"BreadcrumbList\",\"@id\":\"https:\/\/cabinetosmose.com\/index.php\/reequilibrage-alimentaire\/#breadcrumb\",\"itemListElement\":[{\"@type\":\"ListItem\",\"position\":1,\"name\":\"Accueil\",\"item\":\"https:\/\/cabinetosmose.com\/\"},{\"@type\":\"ListItem\",\"position\":2,\"name\":\"R\u00c9\u00c9QUILIBRAGE ALIMENTAIRE\"}]},{\"@type\":\"WebSite\",\"@id\":\"https:\/\/cabinetosmose.com\/#website\",\"url\":\"https:\/\/cabinetosmose.com\/\",\"name\":\"Sandrine Briot - Cabinet Osmose\",\"description\":\"Sophrologue Certifi\u00e9e RNCP (Sp\u00e9cialis\u00e9e en Canc\u00e9rologie)- R\u00e9flexologue- Naturopathe Certifi\u00e9e- Conf\u00e9renci\u00e8re Fran\u00e7ais\/Anglais -EI\",\"publisher\":{\"@id\":\"https:\/\/cabinetosmose.com\/#organization\"},\"alternateName\":\"Sophrologue - Naturopathe - Reflexologue\",\"potentialAction\":[{\"@type\":\"SearchAction\",\"target\":{\"@type\":\"EntryPoint\",\"urlTemplate\":\"https:\/\/cabinetosmose.com\/?s={search_term_string}\"},\"query-input\":\"required name=search_term_string\"}],\"inLanguage\":\"fr-FR\"},{\"@type\":\"Organization\",\"@id\":\"https:\/\/cabinetosmose.com\/#organization\",\"name\":\"Sandrine Briot - Cabinet Osmose\",\"alternateName\":\"Sophrologue - Naturopathe - Reflexologue\",\"url\":\"https:\/\/cabinetosmose.com\/\",\"logo\":{\"@type\":\"ImageObject\",\"inLanguage\":\"fr-FR\",\"@id\":\"https:\/\/cabinetosmose.com\/#\/schema\/logo\/image\/\",\"url\":\"https:\/\/cabinetosmose.com\/wp-content\/uploads\/2023\/09\/logo-osmose.jpg\",\"contentUrl\":\"https:\/\/cabinetosmose.com\/wp-content\/uploads\/2023\/09\/logo-osmose.jpg\",\"width\":696,\"height\":696,\"caption\":\"Sandrine Briot - Cabinet Osmose\"},\"image\":{\"@id\":\"https:\/\/cabinetosmose.com\/#\/schema\/logo\/image\/\"},\"sameAs\":[\"https:\/\/www.facebook.com\/profile.php?id=100070860880540\",\"https:\/\/www.instagram.com\/cabinetosmose_sandrinebriot\/\",\"https:\/\/www.linkedin.com\/in\/sandrine-briot-a419b5bb\/\"]}]}<\/script>\n<!-- \/ Yoast SEO plugin. -->","yoast_head_json":{"title":"R\u00c9\u00c9QUILIBRAGE ALIMENTAIRE - Sandrine Briot - Cabinet Osmose","description":"Sandrine Briot - Cabinet Osmose R\u00c9\u00c9QUILIBRAGE ALIMENTAIRE","robots":{"index":"index","follow":"follow","max-snippet":"max-snippet:-1","max-image-preview":"max-image-preview:large","max-video-preview":"max-video-preview:-1"},"canonical":"https:\/\/cabinetosmose.com\/index.php\/reequilibrage-alimentaire\/","og_locale":"fr_FR","og_type":"article","og_title":"R\u00c9\u00c9QUILIBRAGE ALIMENTAIRE - Sandrine Briot - Cabinet Osmose","og_description":"Sandrine Briot - Cabinet Osmose R\u00c9\u00c9QUILIBRAGE ALIMENTAIRE","og_url":"https:\/\/cabinetosmose.com\/index.php\/reequilibrage-alimentaire\/","og_site_name":"Sandrine Briot - Cabinet Osmose","article_publisher":"https:\/\/www.facebook.com\/profile.php?id=100070860880540","article_modified_time":"2021-11-08T09:12:41+00:00","og_image":[{"url":"http:\/\/cabinetosmose.com\/wp-content\/uploads\/2021\/08\/reequil-alim-1-724x1024.png"}],"twitter_card":"summary_large_image","twitter_misc":{"Dur\u00e9e de lecture estim\u00e9e":"1 minute"},"schema":{"@context":"https:\/\/schema.org","@graph":[{"@type":"WebPage","@id":"https:\/\/cabinetosmose.com\/index.php\/reequilibrage-alimentaire\/","url":"https:\/\/cabinetosmose.com\/index.php\/reequilibrage-alimentaire\/","name":"R\u00c9\u00c9QUILIBRAGE ALIMENTAIRE - Sandrine Briot - Cabinet Osmose","isPartOf":{"@id":"https:\/\/cabinetosmose.com\/#website"},"datePublished":"2021-08-06T15:52:03+00:00","dateModified":"2021-11-08T09:12:41+00:00","description":"Sandrine Briot - Cabinet Osmose R\u00c9\u00c9QUILIBRAGE ALIMENTAIRE","breadcrumb":{"@id":"https:\/\/cabinetosmose.com\/index.php\/reequilibrage-alimentaire\/#breadcrumb"},"inLanguage":"fr-FR","potentialAction":[{"@type":"ReadAction","target":["https:\/\/cabinetosmose.com\/index.php\/reequilibrage-alimentaire\/"]}]},{"@type":"BreadcrumbList","@id":"https:\/\/cabinetosmose.com\/index.php\/reequilibrage-alimentaire\/#breadcrumb","itemListElement":[{"@type":"ListItem","position":1,"name":"Accueil","item":"https:\/\/cabinetosmose.com\/"},{"@type":"ListItem","position":2,"name":"R\u00c9\u00c9QUILIBRAGE ALIMENTAIRE"}]},{"@type":"WebSite","@id":"https:\/\/cabinetosmose.com\/#website","url":"https:\/\/cabinetosmose.com\/","name":"Sandrine Briot - Cabinet Osmose","description":"Sophrologue Certifi\u00e9e RNCP (Sp\u00e9cialis\u00e9e en Canc\u00e9rologie)- R\u00e9flexologue- Naturopathe Certifi\u00e9e- Conf\u00e9renci\u00e8re Fran\u00e7ais\/Anglais -EI","publisher":{"@id":"https:\/\/cabinetosmose.com\/#organization"},"alternateName":"Sophrologue - Naturopathe - Reflexologue","potentialAction":[{"@type":"SearchAction","target":{"@type":"EntryPoint","urlTemplate":"https:\/\/cabinetosmose.com\/?s={search_term_string}"},"query-input":"required name=search_term_string"}],"inLanguage":"fr-FR"},{"@type":"Organization","@id":"https:\/\/cabinetosmose.com\/#organization","name":"Sandrine Briot - Cabinet Osmose","alternateName":"Sophrologue - Naturopathe - Reflexologue","url":"https:\/\/cabinetosmose.com\/","logo":{"@type":"ImageObject","inLanguage":"fr-FR","@id":"https:\/\/cabinetosmose.com\/#\/schema\/logo\/image\/","url":"https:\/\/cabinetosmose.com\/wp-content\/uploads\/2023\/09\/logo-osmose.jpg","contentUrl":"https:\/\/cabinetosmose.com\/wp-content\/uploads\/2023\/09\/logo-osmose.jpg","width":696,"height":696,"caption":"Sandrine Briot - Cabinet Osmose"},"image":{"@id":"https:\/\/cabinetosmose.com\/#\/schema\/logo\/image\/"},"sameAs":["https:\/\/www.facebook.com\/profile.php?id=100070860880540","https:\/\/www.instagram.com\/cabinetosmose_sandrinebriot\/","https:\/\/www.linkedin.com\/in\/sandrine-briot-a419b5bb\/"]}]}},"_links":{"self":[{"href":"https:\/\/cabinetosmose.com\/index.php\/wp-json\/wp\/v2\/pages\/1151","targetHints":{"allow":["GET"]}}],"collection":[{"href":"https:\/\/cabinetosmose.com\/index.php\/wp-json\/wp\/v2\/pages"}],"about":[{"href":"https:\/\/cabinetosmose.com\/index.php\/wp-json\/wp\/v2\/types\/page"}],"author":[{"embeddable":true,"href":"https:\/\/cabinetosmose.com\/index.php\/wp-json\/wp\/v2\/users\/2"}],"replies":[{"embeddable":true,"href":"https:\/\/cabinetosmose.com\/index.php\/wp-json\/wp\/v2\/comments?post=1151"}],"version-history":[{"count":15,"href":"https:\/\/cabinetosmose.com\/index.php\/wp-json\/wp\/v2\/pages\/1151\/revisions"}],"predecessor-version":[{"id":1569,"href":"https:\/\/cabinetosmose.com\/index.php\/wp-json\/wp\/v2\/pages\/1151\/revisions\/1569"}],"wp:attachment":[{"href":"https:\/\/cabinetosmose.com\/index.php\/wp-json\/wp\/v2\/media?parent=1151"}],"curies":[{"name":"wp","href":"https:\/\/api.w.org\/{rel}","templated":true}]}}