{"id":1279,"date":"2021-08-10T20:32:49","date_gmt":"2021-08-10T18:32:49","guid":{"rendered":"http:\/\/cabinetosmose.com\/?page_id=1279"},"modified":"2025-12-10T09:45:24","modified_gmt":"2025-12-10T08:45:24","slug":"cartes-cadeau","status":"publish","type":"page","link":"https:\/\/cabinetosmose.com\/index.php\/cartes-cadeau\/","title":{"rendered":"CARTES CADEAUX"},"content":{"rendered":"\n<div class=\"eplus-9qX6qj wp-block-media-text alignwide is-stacked-on-mobile eplus-wrapper\"><figure class=\"wp-block-media-text__media\"><img loading=\"lazy\" decoding=\"async\" width=\"1414\" height=\"2000\" src=\"https:\/\/cabinetosmose.com\/wp-content\/uploads\/2021\/08\/cadeau-image.png\" alt=\"\" class=\"wp-image-1337 size-full\" srcset=\"https:\/\/cabinetosmose.com\/wp-content\/uploads\/2021\/08\/cadeau-image.png 1414w, https:\/\/cabinetosmose.com\/wp-content\/uploads\/2021\/08\/cadeau-image-212x300.png 212w, https:\/\/cabinetosmose.com\/wp-content\/uploads\/2021\/08\/cadeau-image-724x1024.png 724w, https:\/\/cabinetosmose.com\/wp-content\/uploads\/2021\/08\/cadeau-image-768x1086.png 768w, https:\/\/cabinetosmose.com\/wp-content\/uploads\/2021\/08\/cadeau-image-1086x1536.png 1086w, https:\/\/cabinetosmose.com\/wp-content\/uploads\/2021\/08\/cadeau-image-500x707.png 500w, https:\/\/cabinetosmose.com\/wp-content\/uploads\/2021\/08\/cadeau-image-800x1132.png 800w, https:\/\/cabinetosmose.com\/wp-content\/uploads\/2021\/08\/cadeau-image-1280x1810.png 1280w\" sizes=\"auto, (max-width: 1414px) 100vw, 1414px\" \/><\/figure><div class=\"wp-block-media-text__content\">\n<p class=\"eplus-wsiVEG eplus-wrapper\" style=\"font-size:23px\"><strong>Sophro-Relaxation <\/strong>55\u20ac<\/p>\n\n\n\n<p class=\"eplus-IBh2X8 has-text-color eplus-wrapper\" style=\"color:#c84b5e;font-size:18px\">Un temps pour soi d&rsquo;intense relaxation physique et mentale au son du bol tib\u00e9tain (1h) <\/p>\n\n\n\n<hr class=\"is-style-wide wp-block-separator has-alpha-channel-opacity eplus-wrapper\"\/>\n\n\n\n<p class=\"eplus-eKC0D8 eplus-wrapper\" style=\"font-size:23px\"><strong>R\u00e9flexologie<\/strong> <strong>Plantaire<\/strong> 55\u20ac<\/p>\n\n\n\n<p class=\"eplus-Rxw9G7 has-text-color eplus-wrapper\" style=\"color:#c84b5e;font-size:18px\">Massages et pressions sur les zones r\u00e9flexes du pied, adapt\u00e9s \u00e0 votre vitalit\u00e9 du moment : pour lib\u00e9rer les tensions nerveuses, apporter une d\u00e9tente profonde et relancer l&rsquo;\u00e9nergie  (1h)<\/p>\n\n\n\n<hr class=\"is-style-wide wp-block-separator has-alpha-channel-opacity eplus-wrapper\"\/>\n\n\n\n<p class=\"eplus-wsiVEG eplus-wrapper\" style=\"font-size:23px\"><strong>S\u00e9ance de Sophrologie  <\/strong>65\u20ac<\/p>\n\n\n\n<p class=\"eplus-Rxw9G7 has-text-color eplus-wrapper\" style=\"color:#c84b5e;font-size:18px\">Une premi\u00e8re exp\u00e9rience de la sophrologie pour mieux respirer, att\u00e9nuer ses tensions corporelles et  apaiser ses \u00e9motions (1h)<\/p>\n\n\n\n<hr class=\"is-style-wide wp-block-separator has-alpha-channel-opacity eplus-wrapper\"\/>\n\n\n\n<p class=\"eplus-wsiVEG eplus-wrapper\" style=\"font-size:23px\"><strong>Modelage Jambes L\u00e9g\u00e8res <\/strong>60\u20ac <\/p>\n\n\n\n<p class=\"eplus-IBh2X8 has-text-color eplus-wrapper\" style=\"color:#c84b5e;font-size:18px\">Un brossage \u00e0 sec pour stimuler la circulation suivi d&rsquo;un massage anticellulite \u00e0 la ventouse puis d&rsquo;un massage relaxant <\/p>\n\n\n\n<hr class=\"is-style-wide wp-block-separator has-alpha-channel-opacity eplus-wrapper\"\/>\n\n\n\n<p class=\"eplus-wsiVEG eplus-wrapper\" style=\"font-size:23px\"><strong>Modelage Corporel Intuitif <\/strong>65\u20ac <\/p>\n\n\n\n<p class=\"eplus-IBh2X8 has-text-color eplus-wrapper\" style=\"color:#c84b5e;font-size:18px\">Un modelage du corps qui r\u00e9pond aux ressentis et besoins du moment (relaxant, enveloppant, \u00e9nergisant&#8230;)<\/p>\n\n\n\n<hr class=\"is-style-wide wp-block-separator has-alpha-channel-opacity eplus-wrapper\"\/>\n\n\n\n<p class=\"eplus-VIsZj0 eplus-wrapper\" style=\"font-size:23px\"><strong>Relaxation Profonde<\/strong> <strong>2h<\/strong> <s>110<\/s>\u20ac100\u20ac<\/p>\n\n\n\n<p class=\"eplus-0h5JNd has-text-color eplus-wrapper\" style=\"color:#c84b5e;font-size:18px\">Une s\u00e9ance de sophro-relaxation  + Une s\u00e9ance de r\u00e9flexologie<\/p>\n\n\n\n<hr class=\"is-style-wide wp-block-separator has-alpha-channel-opacity eplus-wrapper\"\/>\n\n\n\n<p class=\"eplus-VIsZj0 eplus-wrapper\" style=\"font-size:23px\"><strong>Sant\u00e9-\u00c9nergie<\/strong> <strong>2h<\/strong> <s>110<\/s>\u20ac100\u20ac<\/p>\n\n\n\n<p class=\"eplus-0h5JNd has-text-color eplus-wrapper\" style=\"color:#c84b5e;font-size:18px\">Une s\u00e9ance de naturopathie + Une s\u00e9ance de r\u00e9flexologie<\/p>\n\n\n\n<hr class=\"is-style-wide wp-block-separator has-alpha-channel-opacity eplus-wrapper\"\/>\n\n\n\n<p class=\"eplus-VIsZj0 eplus-wrapper\" style=\"font-size:23px\"><strong>Mon assiette sant\u00e9-vitalit\u00e9<\/strong> <s>110<\/s>\u20ac100\u20ac<\/p>\n\n\n\n<p class=\"eplus-0h5JNd has-text-color eplus-wrapper\" style=\"color:#c84b5e;font-size:18px\">Deux s\u00e9ances de r\u00e9\u00e9quilibrage alimentaire pour accompagner un probl\u00e8me de sant\u00e9 ou un d\u00e9sir d&rsquo;amincissement et se reconnecter \u00e0 ses sensations et besoins r\u00e9els de l&rsquo;organisme<\/p>\n\n\n\n<hr class=\"is-style-wide wp-block-separator has-alpha-channel-opacity eplus-wrapper\"\/>\n\n\n\n<p class=\"eplus-b1pq5W\" style=\"font-size: 23px;\"><strong>Osmose D\u00e9couverte 3h<\/strong> <s>175<\/s>\u20ac 150\u20ac<\/p>\n\n\n\n<p class=\"eplus-DxyrIC has-text-color eplus-wrapper\" style=\"color:#c84b5e;font-size:18px\">Une s\u00e9ance de relaxation + Une s\u00e9ance de r\u00e9flexologie +Une s\u00e9ance de naturopathie<\/p>\n\n\n\n<hr class=\"is-style-wide wp-block-separator has-alpha-channel-opacity eplus-wrapper\"\/>\n\n\n\n<p class=\"eplus-b1pq5W\" style=\"font-size: 23px;\"><strong>R\u00e9flexologie au fil des saisons<\/strong> <s>220<\/s>\u20ac 200\u20ac<\/p>\n\n\n\n<p class=\"eplus-vGnc08 has-text-color eplus-wrapper\" style=\"color:#c84b5e;font-size:18px\">4 s\u00e9ances de r\u00e9flexologie (une s\u00e9ance recommand\u00e9e \u00e0 chaque changement de saison) pour drainer les d\u00e9chets de l&rsquo;organisme, relancer la circulation et booster l&rsquo;immunit\u00e9   <\/p>\n\n\n\n<hr class=\"is-style-wide wp-block-separator has-alpha-channel-opacity eplus-wrapper\"\/>\n\n\n\n<p class=\"eplus-PdCvp1 eplus-wrapper\" style=\"font-size:23px\"><strong>Osmose Relaxation<\/strong> <s>220<\/s>\u20ac 180\u20ac<\/p>\n\n\n\n<p class=\"eplus-ofsJir has-text-color eplus-wrapper\" style=\"color:#c84b5e;font-size:18px\">4 s\u00e9ances de relaxation personnalis\u00e9es pour apprendre \u00e0 se d\u00e9tendre, se reconnecter \u00e0 ses \u00e9motions et mieux g\u00e9rer le stress<\/p>\n\n\n\n<hr class=\"is-style-wide wp-block-separator has-alpha-channel-opacity eplus-wrapper\"\/>\n\n\n\n<p class=\"eplus-4dXsqi eplus-wrapper\" style=\"font-size:23px\"><strong>Osmose Sophrologie<\/strong> <s>365<\/s>\u20ac340\u20ac<\/p>\n\n\n\n<p class=\"eplus-Kzh3Hc has-text-color eplus-wrapper\" style=\"color:#c84b5e;font-size:18px\">6 s\u00e9ances de sophrologie sur mesure pour atteindre un objectif de changement <\/p>\n\n\n\n<hr class=\"is-style-default eplus-L0OCZE wp-block-separator has-text-color has-cyan-bluish-gray-color has-css-opacity has-cyan-bluish-gray-background-color has-background eplus-wrapper\"\/>\n<\/div><\/div>\n","protected":false},"excerpt":{"rendered":"","protected":false},"author":2,"featured_media":0,"parent":0,"menu_order":0,"comment_status":"closed","ping_status":"closed","template":"template-gutenberg.php","meta":{"editor_plus_copied_stylings":"{}","_mi_skip_tracking":false,"_monsterinsights_sitenote_active":false,"_monsterinsights_sitenote_note":"","_monsterinsights_sitenote_category":0,"footnotes":""},"class_list":["post-1279","page","type-page","status-publish","hentry"],"yoast_head":"<!-- This site is optimized with the Yoast SEO plugin v21.4 - https:\/\/yoast.com\/wordpress\/plugins\/seo\/ -->\n<title>CARTES CADEAUX - Sandrine Briot - Cabinet Osmose<\/title>\n<meta name=\"description\" content=\"Sophrologue , Naturopathe, R\u00e9flexologue \u00e0 Sallanches . G\u00e9rer le stress, la douleur, les troubles anxieux ...\" \/>\n<meta name=\"robots\" content=\"index, follow, max-snippet:-1, max-image-preview:large, max-video-preview:-1\" \/>\n<link rel=\"canonical\" href=\"https:\/\/cabinetosmose.com\/index.php\/cartes-cadeau\/\" \/>\n<meta property=\"og:locale\" content=\"fr_FR\" \/>\n<meta property=\"og:type\" content=\"article\" \/>\n<meta property=\"og:title\" content=\"CARTES CADEAUX - Sandrine Briot - Cabinet Osmose\" \/>\n<meta property=\"og:description\" content=\"Sophrologue , Naturopathe, R\u00e9flexologue \u00e0 Sallanches . G\u00e9rer le stress, la douleur, les troubles anxieux ...\" \/>\n<meta property=\"og:url\" content=\"https:\/\/cabinetosmose.com\/index.php\/cartes-cadeau\/\" \/>\n<meta property=\"og:site_name\" content=\"Sandrine Briot - Cabinet Osmose\" \/>\n<meta property=\"article:publisher\" content=\"https:\/\/www.facebook.com\/profile.php?id=100070860880540\" \/>\n<meta property=\"article:modified_time\" content=\"2025-12-10T08:45:24+00:00\" \/>\n<meta property=\"og:image\" content=\"http:\/\/cabinetosmose.com\/wp-content\/uploads\/2021\/08\/cadeau-image.png\" \/>\n<meta name=\"twitter:card\" content=\"summary_large_image\" \/>\n<meta name=\"twitter:label1\" content=\"Dur\u00e9e de lecture estim\u00e9e\" \/>\n\t<meta name=\"twitter:data1\" content=\"2 minutes\" \/>\n<script type=\"application\/ld+json\" class=\"yoast-schema-graph\">{\"@context\":\"https:\/\/schema.org\",\"@graph\":[{\"@type\":\"WebPage\",\"@id\":\"https:\/\/cabinetosmose.com\/index.php\/cartes-cadeau\/\",\"url\":\"https:\/\/cabinetosmose.com\/index.php\/cartes-cadeau\/\",\"name\":\"CARTES CADEAUX - Sandrine Briot - Cabinet Osmose\",\"isPartOf\":{\"@id\":\"https:\/\/cabinetosmose.com\/#website\"},\"datePublished\":\"2021-08-10T18:32:49+00:00\",\"dateModified\":\"2025-12-10T08:45:24+00:00\",\"description\":\"Sophrologue , Naturopathe, R\u00e9flexologue \u00e0 Sallanches . G\u00e9rer le stress, la douleur, les troubles anxieux ...\",\"breadcrumb\":{\"@id\":\"https:\/\/cabinetosmose.com\/index.php\/cartes-cadeau\/#breadcrumb\"},\"inLanguage\":\"fr-FR\",\"potentialAction\":[{\"@type\":\"ReadAction\",\"target\":[\"https:\/\/cabinetosmose.com\/index.php\/cartes-cadeau\/\"]}]},{\"@type\":\"BreadcrumbList\",\"@id\":\"https:\/\/cabinetosmose.com\/index.php\/cartes-cadeau\/#breadcrumb\",\"itemListElement\":[{\"@type\":\"ListItem\",\"position\":1,\"name\":\"Accueil\",\"item\":\"https:\/\/cabinetosmose.com\/\"},{\"@type\":\"ListItem\",\"position\":2,\"name\":\"CARTES CADEAUX\"}]},{\"@type\":\"WebSite\",\"@id\":\"https:\/\/cabinetosmose.com\/#website\",\"url\":\"https:\/\/cabinetosmose.com\/\",\"name\":\"Sandrine Briot - Cabinet Osmose\",\"description\":\"Sophrologue Certifi\u00e9e RNCP (Sp\u00e9cialis\u00e9e en Canc\u00e9rologie)- R\u00e9flexologue- Naturopathe Certifi\u00e9e- Conf\u00e9renci\u00e8re Fran\u00e7ais\/Anglais -EI\",\"publisher\":{\"@id\":\"https:\/\/cabinetosmose.com\/#organization\"},\"alternateName\":\"Sophrologue - Naturopathe - Reflexologue\",\"potentialAction\":[{\"@type\":\"SearchAction\",\"target\":{\"@type\":\"EntryPoint\",\"urlTemplate\":\"https:\/\/cabinetosmose.com\/?s={search_term_string}\"},\"query-input\":\"required name=search_term_string\"}],\"inLanguage\":\"fr-FR\"},{\"@type\":\"Organization\",\"@id\":\"https:\/\/cabinetosmose.com\/#organization\",\"name\":\"Sandrine Briot - Cabinet Osmose\",\"alternateName\":\"Sophrologue - Naturopathe - Reflexologue\",\"url\":\"https:\/\/cabinetosmose.com\/\",\"logo\":{\"@type\":\"ImageObject\",\"inLanguage\":\"fr-FR\",\"@id\":\"https:\/\/cabinetosmose.com\/#\/schema\/logo\/image\/\",\"url\":\"https:\/\/cabinetosmose.com\/wp-content\/uploads\/2023\/09\/logo-osmose.jpg\",\"contentUrl\":\"https:\/\/cabinetosmose.com\/wp-content\/uploads\/2023\/09\/logo-osmose.jpg\",\"width\":696,\"height\":696,\"caption\":\"Sandrine Briot - Cabinet Osmose\"},\"image\":{\"@id\":\"https:\/\/cabinetosmose.com\/#\/schema\/logo\/image\/\"},\"sameAs\":[\"https:\/\/www.facebook.com\/profile.php?id=100070860880540\",\"https:\/\/www.instagram.com\/cabinetosmose_sandrinebriot\/\",\"https:\/\/www.linkedin.com\/in\/sandrine-briot-a419b5bb\/\"]}]}<\/script>\n<!-- \/ Yoast SEO plugin. -->","yoast_head_json":{"title":"CARTES CADEAUX - Sandrine Briot - Cabinet Osmose","description":"Sophrologue , Naturopathe, R\u00e9flexologue \u00e0 Sallanches . G\u00e9rer le stress, la douleur, les troubles anxieux ...","robots":{"index":"index","follow":"follow","max-snippet":"max-snippet:-1","max-image-preview":"max-image-preview:large","max-video-preview":"max-video-preview:-1"},"canonical":"https:\/\/cabinetosmose.com\/index.php\/cartes-cadeau\/","og_locale":"fr_FR","og_type":"article","og_title":"CARTES CADEAUX - Sandrine Briot - Cabinet Osmose","og_description":"Sophrologue , Naturopathe, R\u00e9flexologue \u00e0 Sallanches . G\u00e9rer le stress, la douleur, les troubles anxieux ...","og_url":"https:\/\/cabinetosmose.com\/index.php\/cartes-cadeau\/","og_site_name":"Sandrine Briot - Cabinet Osmose","article_publisher":"https:\/\/www.facebook.com\/profile.php?id=100070860880540","article_modified_time":"2025-12-10T08:45:24+00:00","og_image":[{"url":"http:\/\/cabinetosmose.com\/wp-content\/uploads\/2021\/08\/cadeau-image.png"}],"twitter_card":"summary_large_image","twitter_misc":{"Dur\u00e9e de lecture estim\u00e9e":"2 minutes"},"schema":{"@context":"https:\/\/schema.org","@graph":[{"@type":"WebPage","@id":"https:\/\/cabinetosmose.com\/index.php\/cartes-cadeau\/","url":"https:\/\/cabinetosmose.com\/index.php\/cartes-cadeau\/","name":"CARTES CADEAUX - Sandrine Briot - Cabinet Osmose","isPartOf":{"@id":"https:\/\/cabinetosmose.com\/#website"},"datePublished":"2021-08-10T18:32:49+00:00","dateModified":"2025-12-10T08:45:24+00:00","description":"Sophrologue , Naturopathe, R\u00e9flexologue \u00e0 Sallanches . G\u00e9rer le stress, la douleur, les troubles anxieux ...","breadcrumb":{"@id":"https:\/\/cabinetosmose.com\/index.php\/cartes-cadeau\/#breadcrumb"},"inLanguage":"fr-FR","potentialAction":[{"@type":"ReadAction","target":["https:\/\/cabinetosmose.com\/index.php\/cartes-cadeau\/"]}]},{"@type":"BreadcrumbList","@id":"https:\/\/cabinetosmose.com\/index.php\/cartes-cadeau\/#breadcrumb","itemListElement":[{"@type":"ListItem","position":1,"name":"Accueil","item":"https:\/\/cabinetosmose.com\/"},{"@type":"ListItem","position":2,"name":"CARTES CADEAUX"}]},{"@type":"WebSite","@id":"https:\/\/cabinetosmose.com\/#website","url":"https:\/\/cabinetosmose.com\/","name":"Sandrine Briot - Cabinet Osmose","description":"Sophrologue Certifi\u00e9e RNCP (Sp\u00e9cialis\u00e9e en Canc\u00e9rologie)- R\u00e9flexologue- Naturopathe Certifi\u00e9e- Conf\u00e9renci\u00e8re Fran\u00e7ais\/Anglais -EI","publisher":{"@id":"https:\/\/cabinetosmose.com\/#organization"},"alternateName":"Sophrologue - Naturopathe - Reflexologue","potentialAction":[{"@type":"SearchAction","target":{"@type":"EntryPoint","urlTemplate":"https:\/\/cabinetosmose.com\/?s={search_term_string}"},"query-input":"required name=search_term_string"}],"inLanguage":"fr-FR"},{"@type":"Organization","@id":"https:\/\/cabinetosmose.com\/#organization","name":"Sandrine Briot - Cabinet Osmose","alternateName":"Sophrologue - Naturopathe - Reflexologue","url":"https:\/\/cabinetosmose.com\/","logo":{"@type":"ImageObject","inLanguage":"fr-FR","@id":"https:\/\/cabinetosmose.com\/#\/schema\/logo\/image\/","url":"https:\/\/cabinetosmose.com\/wp-content\/uploads\/2023\/09\/logo-osmose.jpg","contentUrl":"https:\/\/cabinetosmose.com\/wp-content\/uploads\/2023\/09\/logo-osmose.jpg","width":696,"height":696,"caption":"Sandrine Briot - Cabinet Osmose"},"image":{"@id":"https:\/\/cabinetosmose.com\/#\/schema\/logo\/image\/"},"sameAs":["https:\/\/www.facebook.com\/profile.php?id=100070860880540","https:\/\/www.instagram.com\/cabinetosmose_sandrinebriot\/","https:\/\/www.linkedin.com\/in\/sandrine-briot-a419b5bb\/"]}]}},"_links":{"self":[{"href":"https:\/\/cabinetosmose.com\/index.php\/wp-json\/wp\/v2\/pages\/1279","targetHints":{"allow":["GET"]}}],"collection":[{"href":"https:\/\/cabinetosmose.com\/index.php\/wp-json\/wp\/v2\/pages"}],"about":[{"href":"https:\/\/cabinetosmose.com\/index.php\/wp-json\/wp\/v2\/types\/page"}],"author":[{"embeddable":true,"href":"https:\/\/cabinetosmose.com\/index.php\/wp-json\/wp\/v2\/users\/2"}],"replies":[{"embeddable":true,"href":"https:\/\/cabinetosmose.com\/index.php\/wp-json\/wp\/v2\/comments?post=1279"}],"version-history":[{"count":62,"href":"https:\/\/cabinetosmose.com\/index.php\/wp-json\/wp\/v2\/pages\/1279\/revisions"}],"predecessor-version":[{"id":3829,"href":"https:\/\/cabinetosmose.com\/index.php\/wp-json\/wp\/v2\/pages\/1279\/revisions\/3829"}],"wp:attachment":[{"href":"https:\/\/cabinetosmose.com\/index.php\/wp-json\/wp\/v2\/media?parent=1279"}],"curies":[{"name":"wp","href":"https:\/\/api.w.org\/{rel}","templated":true}]}}