{"id":131,"date":"2021-04-29T20:22:57","date_gmt":"2021-04-29T18:22:57","guid":{"rendered":"http:\/\/sandrinebriot.free.fr\/?page_id=131"},"modified":"2024-08-19T13:59:56","modified_gmt":"2024-08-19T11:59:56","slug":"la-sophrologie","status":"publish","type":"page","link":"https:\/\/cabinetosmose.com\/index.php\/la-sophrologie\/","title":{"rendered":"LA SOPHROLOGIE"},"content":{"rendered":"\n<div class=\"eplus-ktXWQ3 wp-block-media-text alignwide is-stacked-on-mobile is-image-fill eplus-wrapper\" style=\"grid-template-columns:31% auto\"><figure class=\"wp-block-media-text__media\" style=\"background-image:url(https:\/\/cabinetosmose.com\/wp-content\/uploads\/2021\/07\/egor-vikhrev-9bNG6Kj4G7I-unsplash-684x1024.jpg);background-position:50% 50%\"><img loading=\"lazy\" decoding=\"async\" width=\"684\" height=\"1024\" src=\"https:\/\/cabinetosmose.com\/wp-content\/uploads\/2021\/07\/egor-vikhrev-9bNG6Kj4G7I-unsplash-684x1024.jpg\" alt=\"\" class=\"wp-image-612 size-thumbnail\" srcset=\"https:\/\/cabinetosmose.com\/wp-content\/uploads\/2021\/07\/egor-vikhrev-9bNG6Kj4G7I-unsplash-684x1024.jpg 684w, https:\/\/cabinetosmose.com\/wp-content\/uploads\/2021\/07\/egor-vikhrev-9bNG6Kj4G7I-unsplash-200x300.jpg 200w, https:\/\/cabinetosmose.com\/wp-content\/uploads\/2021\/07\/egor-vikhrev-9bNG6Kj4G7I-unsplash-768x1150.jpg 768w, https:\/\/cabinetosmose.com\/wp-content\/uploads\/2021\/07\/egor-vikhrev-9bNG6Kj4G7I-unsplash-1026x1536.jpg 1026w, https:\/\/cabinetosmose.com\/wp-content\/uploads\/2021\/07\/egor-vikhrev-9bNG6Kj4G7I-unsplash-1368x2048.jpg 1368w, https:\/\/cabinetosmose.com\/wp-content\/uploads\/2021\/07\/egor-vikhrev-9bNG6Kj4G7I-unsplash-scaled.jpg 1710w\" sizes=\"auto, (max-width: 684px) 100vw, 684px\" \/><\/figure><div class=\"wp-block-media-text__content\">\n<p class=\"eplus-gzCUDX eplus-wrapper\" style=\"font-size:18px\">Litt\u00e9ralement \u00ab\u00a0\u00e9tude d&rsquo;harmonisation de la conscience\u00a0\u00bb, la sophrologie est une discipline issue de l&rsquo;hypnose et mise au point par le neuropsychiatre Alfonso Caycedo en 1960.  Bas\u00e9e sur des techniques de respiration, de relaxation physique et mentale, de visualisations positives, la sophrologie psycho-comportementale permet \u00e0 chacun, quels que soient son \u00e2ge et les difficult\u00e9s de l&rsquo;existence, de mobiliser ses ressources int\u00e9rieures pour r\u00e9aliser son objectif: <\/p>\n\n\n<ul style=\"color:#c84b5e\" class=\" wp-block-list has-text-color eplus-wrapper eplus-styles-uid-6633cb\"><li class=\" eplus-wrapper\"><strong>G\u00e9rer le stress, la douleur, les troubles anxieux, la d\u00e9pression, l&rsquo;insomnie, le sevrage tabagique<\/strong><\/li>\n\n\n\n<li class=\" eplus-wrapper\"><strong>Se lib\u00e9rer des addictions,  des phobies, des troubles alimentaires, des acouph\u00e8nes, des tics nerveux<\/strong><\/li>\n\n\n\n<li class=\" eplus-wrapper\"><strong>Affronter une \u00e9preuve difficile (deuil, burn-out, s\u00e9paration, maladie, examen, concours, prise de parole en public, comp\u00e9tition, PMA\u2026)<\/strong><\/li>\n\n\n\n<li class=\" eplus-wrapper\"><strong>Augmenter la confiance en soi , sa capacit\u00e9 de concentration<\/strong><\/li>\n\n\n\n<li class=\" eplus-wrapper\"><strong>Se lib\u00e9rer de ses blessures pass\u00e9es<\/strong><\/li>\n\n\n\n<li class=\" eplus-wrapper\"><strong>Cultiver son optimisme<\/strong>, <strong>Focaliser sur le positif<\/strong><\/li>\n\n\n\n<li class=\" eplus-wrapper\"><strong>Se pr\u00e9parer  \u00e0 l&rsquo;accouchement<\/strong>&#8230;<\/li>\n<\/ul>\n\n\n<p class=\"eplus-y5Co5e eplus-wrapper\" style=\"font-size:18px\">La sophrologie est un accompagnement personnalis\u00e9 d&rsquo;environ 4 \u00e0 12 s\u00e9ances qui plonge dans un \u00e9tat modifi\u00e9 de conscience (sophro-liminal), ce qui facilite la communication entre le conscient et l&rsquo;inconscient, pour (re)devenir acteur de son bien \u00eatre et op\u00e9rer les changements d\u00e9sir\u00e9s. Par l&rsquo;appropriation des outils, techniques et exercices travaill\u00e9s lors des s\u00e9ances, vous devenez autonomes et faites de la sophrologie une habitude de vie, propice \u00e0 l&rsquo;adaptabilit\u00e9 face \u00e0 toutes les situations difficiles de la vie. Corps et esprit sont ainsi en harmonie.<\/p>\n\n\n<div class=\"wp-block-image is-style-default eplus-zoNYts\">\n<figure class=\"aligncenter size-medium eplus-wrapper\"><img loading=\"lazy\" decoding=\"async\" width=\"300\" height=\"233\" src=\"https:\/\/cabinetosmose.com\/wp-content\/uploads\/2021\/08\/logo_rncp_2020_03-300x233.png\" alt=\"\" class=\"wp-image-1353\" srcset=\"https:\/\/cabinetosmose.com\/wp-content\/uploads\/2021\/08\/logo_rncp_2020_03-300x233.png 300w, https:\/\/cabinetosmose.com\/wp-content\/uploads\/2021\/08\/logo_rncp_2020_03.png 330w\" sizes=\"auto, (max-width: 300px) 100vw, 300px\" \/><figcaption class=\"wp-element-caption\"><strong><mark style=\"background-color:rgba(0, 0, 0, 0)\" class=\"has-inline-color has-vivid-red-color\">S\u00e9ances Rembours\u00e9es <\/mark><\/strong><br><strong><mark style=\"background-color:rgba(0, 0, 0, 0)\" class=\"has-inline-color has-vivid-red-color\">par certaines Mutuelles<\/mark><\/strong><\/figcaption><\/figure>\n<\/div>\n\n\n<p class=\" eplus-wrapper\"><strong>Membre de la Chambre Syndicale de Sophrologie, je respecte le Code de D\u00e9ontologie: <\/strong><\/p>\n\n\n\n<figure class=\"is-style-default wp-block-image size-full eplus-wrapper\"><img loading=\"lazy\" decoding=\"async\" width=\"527\" height=\"738\" src=\"https:\/\/cabinetosmose.com\/wp-content\/uploads\/2023\/03\/Code-de-Deontologie.png\" alt=\"\" class=\"wp-image-3435\" srcset=\"https:\/\/cabinetosmose.com\/wp-content\/uploads\/2023\/03\/Code-de-Deontologie.png 527w, https:\/\/cabinetosmose.com\/wp-content\/uploads\/2023\/03\/Code-de-Deontologie-214x300.png 214w, https:\/\/cabinetosmose.com\/wp-content\/uploads\/2023\/03\/Code-de-Deontologie-500x700.png 500w\" sizes=\"auto, (max-width: 527px) 100vw, 527px\" \/><\/figure>\n\n\n\n<p class=\"eplus-5bjPpn has-text-color eplus-wrapper\" style=\"color:#06762b;font-size:18px\"> <em>La sophrologie est contre-indiqu\u00e9e en cas de maladie psychotique.<\/em><\/p>\n<\/div><\/div>\n","protected":false},"excerpt":{"rendered":"","protected":false},"author":2,"featured_media":265,"parent":0,"menu_order":0,"comment_status":"closed","ping_status":"closed","template":"template-gutenberg.php","meta":{"editor_plus_copied_stylings":"{}","_mi_skip_tracking":false,"_monsterinsights_sitenote_active":false,"_monsterinsights_sitenote_note":"","_monsterinsights_sitenote_category":0,"footnotes":""},"class_list":["post-131","page","type-page","status-publish","has-post-thumbnail","hentry"],"yoast_head":"<!-- This site is optimized with the Yoast SEO plugin v21.4 - https:\/\/yoast.com\/wordpress\/plugins\/seo\/ -->\n<title>- Sandrine Briot - Cabinet Osmose<\/title>\n<meta name=\"description\" content=\"Sophrologue , Naturopathe, R\u00e9flexologue \u00e0 Sallanches . G\u00e9rer le stress, la douleur, les troubles anxieux ...\" \/>\n<meta name=\"robots\" content=\"index, follow, max-snippet:-1, max-image-preview:large, max-video-preview:-1\" \/>\n<link rel=\"canonical\" href=\"https:\/\/cabinetosmose.com\/index.php\/la-sophrologie\/\" \/>\n<meta property=\"og:locale\" content=\"fr_FR\" \/>\n<meta property=\"og:type\" content=\"article\" \/>\n<meta property=\"og:title\" content=\"- Sandrine Briot - Cabinet Osmose\" \/>\n<meta property=\"og:description\" content=\"Sophrologue , Naturopathe, R\u00e9flexologue \u00e0 Sallanches . G\u00e9rer le stress, la douleur, les troubles anxieux ...\" \/>\n<meta property=\"og:url\" content=\"https:\/\/cabinetosmose.com\/index.php\/la-sophrologie\/\" \/>\n<meta property=\"og:site_name\" content=\"Sandrine Briot - Cabinet Osmose\" \/>\n<meta property=\"article:publisher\" content=\"https:\/\/www.facebook.com\/profile.php?id=100070860880540\" \/>\n<meta property=\"article:modified_time\" content=\"2024-08-19T11:59:56+00:00\" \/>\n<meta property=\"og:image\" content=\"https:\/\/cabinetosmose.com\/wp-content\/uploads\/2021\/04\/Sans-titre-1.jpg\" \/>\n\t<meta property=\"og:image:width\" content=\"1920\" \/>\n\t<meta property=\"og:image:height\" content=\"1080\" \/>\n\t<meta property=\"og:image:type\" content=\"image\/jpeg\" \/>\n<meta name=\"twitter:card\" content=\"summary_large_image\" \/>\n<meta name=\"twitter:label1\" content=\"Dur\u00e9e de lecture estim\u00e9e\" \/>\n\t<meta name=\"twitter:data1\" content=\"2 minutes\" \/>\n<script type=\"application\/ld+json\" class=\"yoast-schema-graph\">{\"@context\":\"https:\/\/schema.org\",\"@graph\":[{\"@type\":\"WebPage\",\"@id\":\"https:\/\/cabinetosmose.com\/index.php\/la-sophrologie\/\",\"url\":\"https:\/\/cabinetosmose.com\/index.php\/la-sophrologie\/\",\"name\":\"- Sandrine Briot - Cabinet Osmose\",\"isPartOf\":{\"@id\":\"https:\/\/cabinetosmose.com\/#website\"},\"datePublished\":\"2021-04-29T18:22:57+00:00\",\"dateModified\":\"2024-08-19T11:59:56+00:00\",\"description\":\"Sophrologue , Naturopathe, R\u00e9flexologue \u00e0 Sallanches . G\u00e9rer le stress, la douleur, les troubles anxieux ...\",\"breadcrumb\":{\"@id\":\"https:\/\/cabinetosmose.com\/index.php\/la-sophrologie\/#breadcrumb\"},\"inLanguage\":\"fr-FR\",\"potentialAction\":[{\"@type\":\"ReadAction\",\"target\":[\"https:\/\/cabinetosmose.com\/index.php\/la-sophrologie\/\"]}]},{\"@type\":\"BreadcrumbList\",\"@id\":\"https:\/\/cabinetosmose.com\/index.php\/la-sophrologie\/#breadcrumb\",\"itemListElement\":[{\"@type\":\"ListItem\",\"position\":1,\"name\":\"Accueil\",\"item\":\"https:\/\/cabinetosmose.com\/\"},{\"@type\":\"ListItem\",\"position\":2,\"name\":\"LA SOPHROLOGIE\"}]},{\"@type\":\"WebSite\",\"@id\":\"https:\/\/cabinetosmose.com\/#website\",\"url\":\"https:\/\/cabinetosmose.com\/\",\"name\":\"Sandrine Briot - Cabinet Osmose\",\"description\":\"Sophrologue Certifi\u00e9e RNCP (Sp\u00e9cialis\u00e9e en Canc\u00e9rologie)- R\u00e9flexologue- Naturopathe Certifi\u00e9e- Conf\u00e9renci\u00e8re Fran\u00e7ais\/Anglais -EI\",\"publisher\":{\"@id\":\"https:\/\/cabinetosmose.com\/#organization\"},\"alternateName\":\"Sophrologue - Naturopathe - Reflexologue\",\"potentialAction\":[{\"@type\":\"SearchAction\",\"target\":{\"@type\":\"EntryPoint\",\"urlTemplate\":\"https:\/\/cabinetosmose.com\/?s={search_term_string}\"},\"query-input\":\"required name=search_term_string\"}],\"inLanguage\":\"fr-FR\"},{\"@type\":\"Organization\",\"@id\":\"https:\/\/cabinetosmose.com\/#organization\",\"name\":\"Sandrine Briot - Cabinet Osmose\",\"alternateName\":\"Sophrologue - Naturopathe - Reflexologue\",\"url\":\"https:\/\/cabinetosmose.com\/\",\"logo\":{\"@type\":\"ImageObject\",\"inLanguage\":\"fr-FR\",\"@id\":\"https:\/\/cabinetosmose.com\/#\/schema\/logo\/image\/\",\"url\":\"https:\/\/cabinetosmose.com\/wp-content\/uploads\/2023\/09\/logo-osmose.jpg\",\"contentUrl\":\"https:\/\/cabinetosmose.com\/wp-content\/uploads\/2023\/09\/logo-osmose.jpg\",\"width\":696,\"height\":696,\"caption\":\"Sandrine Briot - Cabinet Osmose\"},\"image\":{\"@id\":\"https:\/\/cabinetosmose.com\/#\/schema\/logo\/image\/\"},\"sameAs\":[\"https:\/\/www.facebook.com\/profile.php?id=100070860880540\",\"https:\/\/www.instagram.com\/cabinetosmose_sandrinebriot\/\",\"https:\/\/www.linkedin.com\/in\/sandrine-briot-a419b5bb\/\"]}]}<\/script>\n<!-- \/ Yoast SEO plugin. -->","yoast_head_json":{"title":"- Sandrine Briot - Cabinet Osmose","description":"Sophrologue , Naturopathe, R\u00e9flexologue \u00e0 Sallanches . G\u00e9rer le stress, la douleur, les troubles anxieux ...","robots":{"index":"index","follow":"follow","max-snippet":"max-snippet:-1","max-image-preview":"max-image-preview:large","max-video-preview":"max-video-preview:-1"},"canonical":"https:\/\/cabinetosmose.com\/index.php\/la-sophrologie\/","og_locale":"fr_FR","og_type":"article","og_title":"- Sandrine Briot - Cabinet Osmose","og_description":"Sophrologue , Naturopathe, R\u00e9flexologue \u00e0 Sallanches . G\u00e9rer le stress, la douleur, les troubles anxieux ...","og_url":"https:\/\/cabinetosmose.com\/index.php\/la-sophrologie\/","og_site_name":"Sandrine Briot - Cabinet Osmose","article_publisher":"https:\/\/www.facebook.com\/profile.php?id=100070860880540","article_modified_time":"2024-08-19T11:59:56+00:00","og_image":[{"width":1920,"height":1080,"url":"https:\/\/cabinetosmose.com\/wp-content\/uploads\/2021\/04\/Sans-titre-1.jpg","type":"image\/jpeg"}],"twitter_card":"summary_large_image","twitter_misc":{"Dur\u00e9e de lecture estim\u00e9e":"2 minutes"},"schema":{"@context":"https:\/\/schema.org","@graph":[{"@type":"WebPage","@id":"https:\/\/cabinetosmose.com\/index.php\/la-sophrologie\/","url":"https:\/\/cabinetosmose.com\/index.php\/la-sophrologie\/","name":"- Sandrine Briot - Cabinet Osmose","isPartOf":{"@id":"https:\/\/cabinetosmose.com\/#website"},"datePublished":"2021-04-29T18:22:57+00:00","dateModified":"2024-08-19T11:59:56+00:00","description":"Sophrologue , Naturopathe, R\u00e9flexologue \u00e0 Sallanches . G\u00e9rer le stress, la douleur, les troubles anxieux ...","breadcrumb":{"@id":"https:\/\/cabinetosmose.com\/index.php\/la-sophrologie\/#breadcrumb"},"inLanguage":"fr-FR","potentialAction":[{"@type":"ReadAction","target":["https:\/\/cabinetosmose.com\/index.php\/la-sophrologie\/"]}]},{"@type":"BreadcrumbList","@id":"https:\/\/cabinetosmose.com\/index.php\/la-sophrologie\/#breadcrumb","itemListElement":[{"@type":"ListItem","position":1,"name":"Accueil","item":"https:\/\/cabinetosmose.com\/"},{"@type":"ListItem","position":2,"name":"LA SOPHROLOGIE"}]},{"@type":"WebSite","@id":"https:\/\/cabinetosmose.com\/#website","url":"https:\/\/cabinetosmose.com\/","name":"Sandrine Briot - Cabinet Osmose","description":"Sophrologue Certifi\u00e9e RNCP (Sp\u00e9cialis\u00e9e en Canc\u00e9rologie)- R\u00e9flexologue- Naturopathe Certifi\u00e9e- Conf\u00e9renci\u00e8re Fran\u00e7ais\/Anglais -EI","publisher":{"@id":"https:\/\/cabinetosmose.com\/#organization"},"alternateName":"Sophrologue - Naturopathe - Reflexologue","potentialAction":[{"@type":"SearchAction","target":{"@type":"EntryPoint","urlTemplate":"https:\/\/cabinetosmose.com\/?s={search_term_string}"},"query-input":"required name=search_term_string"}],"inLanguage":"fr-FR"},{"@type":"Organization","@id":"https:\/\/cabinetosmose.com\/#organization","name":"Sandrine Briot - Cabinet Osmose","alternateName":"Sophrologue - Naturopathe - Reflexologue","url":"https:\/\/cabinetosmose.com\/","logo":{"@type":"ImageObject","inLanguage":"fr-FR","@id":"https:\/\/cabinetosmose.com\/#\/schema\/logo\/image\/","url":"https:\/\/cabinetosmose.com\/wp-content\/uploads\/2023\/09\/logo-osmose.jpg","contentUrl":"https:\/\/cabinetosmose.com\/wp-content\/uploads\/2023\/09\/logo-osmose.jpg","width":696,"height":696,"caption":"Sandrine Briot - Cabinet Osmose"},"image":{"@id":"https:\/\/cabinetosmose.com\/#\/schema\/logo\/image\/"},"sameAs":["https:\/\/www.facebook.com\/profile.php?id=100070860880540","https:\/\/www.instagram.com\/cabinetosmose_sandrinebriot\/","https:\/\/www.linkedin.com\/in\/sandrine-briot-a419b5bb\/"]}]}},"_links":{"self":[{"href":"https:\/\/cabinetosmose.com\/index.php\/wp-json\/wp\/v2\/pages\/131","targetHints":{"allow":["GET"]}}],"collection":[{"href":"https:\/\/cabinetosmose.com\/index.php\/wp-json\/wp\/v2\/pages"}],"about":[{"href":"https:\/\/cabinetosmose.com\/index.php\/wp-json\/wp\/v2\/types\/page"}],"author":[{"embeddable":true,"href":"https:\/\/cabinetosmose.com\/index.php\/wp-json\/wp\/v2\/users\/2"}],"replies":[{"embeddable":true,"href":"https:\/\/cabinetosmose.com\/index.php\/wp-json\/wp\/v2\/comments?post=131"}],"version-history":[{"count":47,"href":"https:\/\/cabinetosmose.com\/index.php\/wp-json\/wp\/v2\/pages\/131\/revisions"}],"predecessor-version":[{"id":3716,"href":"https:\/\/cabinetosmose.com\/index.php\/wp-json\/wp\/v2\/pages\/131\/revisions\/3716"}],"wp:featuredmedia":[{"embeddable":true,"href":"https:\/\/cabinetosmose.com\/index.php\/wp-json\/wp\/v2\/media\/265"}],"wp:attachment":[{"href":"https:\/\/cabinetosmose.com\/index.php\/wp-json\/wp\/v2\/media?parent=131"}],"curies":[{"name":"wp","href":"https:\/\/api.w.org\/{rel}","templated":true}]}}