{"id":1460,"date":"2021-09-05T16:07:56","date_gmt":"2021-09-05T14:07:56","guid":{"rendered":"http:\/\/cabinetosmose.com\/?page_id=1460"},"modified":"2023-05-18T20:12:18","modified_gmt":"2023-05-18T18:12:18","slug":"videosmose","status":"publish","type":"page","link":"https:\/\/cabinetosmose.com\/index.php\/videosmose\/","title":{"rendered":"VIDEOS&rsquo;MOSE"},"content":{"rendered":"\n<p class=\" eplus-cvWz1a has-text-color has-medium-font-size eplus-wrapper\" style=\"color:#c84b5e\"><strong>INTERVIEW RADIO MONT-BLANC C&rsquo;est quoi la Sophrologie et la Naturopathie?<\/strong><\/p>\n\n\n\n<figure class=\"wp-embed-aspect-16-9 wp-has-aspect-ratio wp-block-embed is-type-video is-provider-youtube wp-block-embed-youtube eplus-wrapper\"><div class=\"wp-block-embed__wrapper\">\n<iframe loading=\"lazy\" title=\"Interview Radio Mont -Blanc\" width=\"837\" height=\"471\" src=\"https:\/\/www.youtube.com\/embed\/eK2iTQgwQOY?feature=oembed\" frameborder=\"0\" allow=\"accelerometer; autoplay; clipboard-write; encrypted-media; gyroscope; picture-in-picture; web-share\" allowfullscreen><\/iframe>\n<\/div><\/figure>\n\n\n\n<p class=\" eplus-NyYkh5 has-text-color has-medium-font-size eplus-wrapper\" style=\"color:#c84b5e\"><strong>VIDEO 1 : LA RESPIRATION ANTI-STRESS<\/strong><\/p>\n\n\n\n<figure class=\"wp-embed-aspect-16-9 wp-has-aspect-ratio wp-block-embed is-type-video is-provider-youtube wp-block-embed-youtube eplus-wrapper\"><div class=\"wp-block-embed__wrapper\">\n<iframe loading=\"lazy\" title=\"Respiration anti-stress\" width=\"837\" height=\"471\" src=\"https:\/\/www.youtube.com\/embed\/de28jRJWKaE?feature=oembed\" frameborder=\"0\" allow=\"accelerometer; autoplay; clipboard-write; encrypted-media; gyroscope; picture-in-picture; web-share\" allowfullscreen><\/iframe>\n<\/div><\/figure>\n\n\n\n<p class=\"eplus-gu4Nk9 has-text-color has-medium-font-size eplus-wrapper\" style=\"color:#c84b5e\"><strong>VID\u00c9O 2 : LES TISANES POUR LUTTER CONTRE LES MAUX DE L&rsquo;HIVER<\/strong><\/p>\n\n\n\n<p class=\"eplus-X57BMp eplus-wrapper\"><\/p>\n\n\n\n<figure class=\"wp-embed-aspect-16-9 wp-has-aspect-ratio wp-block-embed is-type-video is-provider-youtube wp-block-embed-youtube eplus-wrapper\"><div class=\"wp-block-embed__wrapper\">\n<iframe loading=\"lazy\" title=\"Les tisanes pour lutter contre les maux de l&#039;hiver\" width=\"837\" height=\"471\" src=\"https:\/\/www.youtube.com\/embed\/TdThkFjo1DQ?feature=oembed\" frameborder=\"0\" allow=\"accelerometer; autoplay; clipboard-write; encrypted-media; gyroscope; picture-in-picture; web-share\" allowfullscreen><\/iframe>\n<\/div><\/figure>\n","protected":false},"excerpt":{"rendered":"<p>INTERVIEW RADIO MONT-BLANC C&rsquo;est quoi la Sophrologie et la Naturopathie? VIDEO 1 : LA RESPIRATION ANTI-STRESS VID\u00c9O 2 : LES TISANES POUR LUTTER CONTRE LES MAUX DE L&rsquo;HIVER<\/p>\n","protected":false},"author":2,"featured_media":0,"parent":0,"menu_order":0,"comment_status":"closed","ping_status":"closed","template":"template-gutenberg.php","meta":{"editor_plus_copied_stylings":"{}","_mi_skip_tracking":false,"_monsterinsights_sitenote_active":false,"_monsterinsights_sitenote_note":"","_monsterinsights_sitenote_category":0,"footnotes":""},"class_list":["post-1460","page","type-page","status-publish","hentry"],"yoast_head":"<!-- This site is optimized with the Yoast SEO plugin v21.4 - https:\/\/yoast.com\/wordpress\/plugins\/seo\/ -->\n<title>VIDEOS&#039;MOSE - Sandrine Briot - Cabinet Osmose<\/title>\n<meta name=\"description\" content=\"Sandrine Briot - Cabinet Osmose VIDEOS&#039;MOSE\" \/>\n<meta name=\"robots\" content=\"index, follow, max-snippet:-1, max-image-preview:large, max-video-preview:-1\" \/>\n<link rel=\"canonical\" href=\"https:\/\/cabinetosmose.com\/index.php\/videosmose\/\" \/>\n<meta property=\"og:locale\" content=\"fr_FR\" \/>\n<meta property=\"og:type\" content=\"article\" \/>\n<meta property=\"og:title\" content=\"VIDEOS&#039;MOSE - Sandrine Briot - Cabinet Osmose\" \/>\n<meta property=\"og:description\" content=\"Sandrine Briot - Cabinet Osmose VIDEOS&#039;MOSE\" \/>\n<meta property=\"og:url\" content=\"https:\/\/cabinetosmose.com\/index.php\/videosmose\/\" \/>\n<meta property=\"og:site_name\" content=\"Sandrine Briot - Cabinet Osmose\" \/>\n<meta property=\"article:publisher\" content=\"https:\/\/www.facebook.com\/profile.php?id=100070860880540\" \/>\n<meta property=\"article:modified_time\" content=\"2023-05-18T18:12:18+00:00\" \/>\n<meta name=\"twitter:card\" content=\"summary_large_image\" \/>\n<script type=\"application\/ld+json\" class=\"yoast-schema-graph\">{\"@context\":\"https:\/\/schema.org\",\"@graph\":[{\"@type\":\"WebPage\",\"@id\":\"https:\/\/cabinetosmose.com\/index.php\/videosmose\/\",\"url\":\"https:\/\/cabinetosmose.com\/index.php\/videosmose\/\",\"name\":\"VIDEOS'MOSE - Sandrine Briot - Cabinet Osmose\",\"isPartOf\":{\"@id\":\"https:\/\/cabinetosmose.com\/#website\"},\"datePublished\":\"2021-09-05T14:07:56+00:00\",\"dateModified\":\"2023-05-18T18:12:18+00:00\",\"description\":\"Sandrine Briot - Cabinet Osmose VIDEOS'MOSE\",\"breadcrumb\":{\"@id\":\"https:\/\/cabinetosmose.com\/index.php\/videosmose\/#breadcrumb\"},\"inLanguage\":\"fr-FR\",\"potentialAction\":[{\"@type\":\"ReadAction\",\"target\":[\"https:\/\/cabinetosmose.com\/index.php\/videosmose\/\"]}]},{\"@type\":\"BreadcrumbList\",\"@id\":\"https:\/\/cabinetosmose.com\/index.php\/videosmose\/#breadcrumb\",\"itemListElement\":[{\"@type\":\"ListItem\",\"position\":1,\"name\":\"Accueil\",\"item\":\"https:\/\/cabinetosmose.com\/\"},{\"@type\":\"ListItem\",\"position\":2,\"name\":\"VIDEOS&#8217;MOSE\"}]},{\"@type\":\"WebSite\",\"@id\":\"https:\/\/cabinetosmose.com\/#website\",\"url\":\"https:\/\/cabinetosmose.com\/\",\"name\":\"Sandrine Briot - Cabinet Osmose\",\"description\":\"Sophrologue Certifi\u00e9e RNCP (Sp\u00e9cialis\u00e9e en Canc\u00e9rologie)- R\u00e9flexologue- Naturopathe Certifi\u00e9e- Conf\u00e9renci\u00e8re Fran\u00e7ais\/Anglais -EI\",\"publisher\":{\"@id\":\"https:\/\/cabinetosmose.com\/#organization\"},\"alternateName\":\"Sophrologue - Naturopathe - Reflexologue\",\"potentialAction\":[{\"@type\":\"SearchAction\",\"target\":{\"@type\":\"EntryPoint\",\"urlTemplate\":\"https:\/\/cabinetosmose.com\/?s={search_term_string}\"},\"query-input\":\"required name=search_term_string\"}],\"inLanguage\":\"fr-FR\"},{\"@type\":\"Organization\",\"@id\":\"https:\/\/cabinetosmose.com\/#organization\",\"name\":\"Sandrine Briot - Cabinet Osmose\",\"alternateName\":\"Sophrologue - Naturopathe - Reflexologue\",\"url\":\"https:\/\/cabinetosmose.com\/\",\"logo\":{\"@type\":\"ImageObject\",\"inLanguage\":\"fr-FR\",\"@id\":\"https:\/\/cabinetosmose.com\/#\/schema\/logo\/image\/\",\"url\":\"https:\/\/cabinetosmose.com\/wp-content\/uploads\/2023\/09\/logo-osmose.jpg\",\"contentUrl\":\"https:\/\/cabinetosmose.com\/wp-content\/uploads\/2023\/09\/logo-osmose.jpg\",\"width\":696,\"height\":696,\"caption\":\"Sandrine Briot - Cabinet Osmose\"},\"image\":{\"@id\":\"https:\/\/cabinetosmose.com\/#\/schema\/logo\/image\/\"},\"sameAs\":[\"https:\/\/www.facebook.com\/profile.php?id=100070860880540\",\"https:\/\/www.instagram.com\/cabinetosmose_sandrinebriot\/\",\"https:\/\/www.linkedin.com\/in\/sandrine-briot-a419b5bb\/\"]}]}<\/script>\n<!-- \/ Yoast SEO plugin. -->","yoast_head_json":{"title":"VIDEOS'MOSE - Sandrine Briot - Cabinet Osmose","description":"Sandrine Briot - Cabinet Osmose VIDEOS'MOSE","robots":{"index":"index","follow":"follow","max-snippet":"max-snippet:-1","max-image-preview":"max-image-preview:large","max-video-preview":"max-video-preview:-1"},"canonical":"https:\/\/cabinetosmose.com\/index.php\/videosmose\/","og_locale":"fr_FR","og_type":"article","og_title":"VIDEOS'MOSE - Sandrine Briot - Cabinet Osmose","og_description":"Sandrine Briot - Cabinet Osmose VIDEOS'MOSE","og_url":"https:\/\/cabinetosmose.com\/index.php\/videosmose\/","og_site_name":"Sandrine Briot - Cabinet Osmose","article_publisher":"https:\/\/www.facebook.com\/profile.php?id=100070860880540","article_modified_time":"2023-05-18T18:12:18+00:00","twitter_card":"summary_large_image","schema":{"@context":"https:\/\/schema.org","@graph":[{"@type":"WebPage","@id":"https:\/\/cabinetosmose.com\/index.php\/videosmose\/","url":"https:\/\/cabinetosmose.com\/index.php\/videosmose\/","name":"VIDEOS'MOSE - Sandrine Briot - Cabinet Osmose","isPartOf":{"@id":"https:\/\/cabinetosmose.com\/#website"},"datePublished":"2021-09-05T14:07:56+00:00","dateModified":"2023-05-18T18:12:18+00:00","description":"Sandrine Briot - Cabinet Osmose VIDEOS'MOSE","breadcrumb":{"@id":"https:\/\/cabinetosmose.com\/index.php\/videosmose\/#breadcrumb"},"inLanguage":"fr-FR","potentialAction":[{"@type":"ReadAction","target":["https:\/\/cabinetosmose.com\/index.php\/videosmose\/"]}]},{"@type":"BreadcrumbList","@id":"https:\/\/cabinetosmose.com\/index.php\/videosmose\/#breadcrumb","itemListElement":[{"@type":"ListItem","position":1,"name":"Accueil","item":"https:\/\/cabinetosmose.com\/"},{"@type":"ListItem","position":2,"name":"VIDEOS&#8217;MOSE"}]},{"@type":"WebSite","@id":"https:\/\/cabinetosmose.com\/#website","url":"https:\/\/cabinetosmose.com\/","name":"Sandrine Briot - Cabinet Osmose","description":"Sophrologue Certifi\u00e9e RNCP (Sp\u00e9cialis\u00e9e en Canc\u00e9rologie)- R\u00e9flexologue- Naturopathe Certifi\u00e9e- Conf\u00e9renci\u00e8re Fran\u00e7ais\/Anglais -EI","publisher":{"@id":"https:\/\/cabinetosmose.com\/#organization"},"alternateName":"Sophrologue - Naturopathe - Reflexologue","potentialAction":[{"@type":"SearchAction","target":{"@type":"EntryPoint","urlTemplate":"https:\/\/cabinetosmose.com\/?s={search_term_string}"},"query-input":"required name=search_term_string"}],"inLanguage":"fr-FR"},{"@type":"Organization","@id":"https:\/\/cabinetosmose.com\/#organization","name":"Sandrine Briot - Cabinet Osmose","alternateName":"Sophrologue - Naturopathe - Reflexologue","url":"https:\/\/cabinetosmose.com\/","logo":{"@type":"ImageObject","inLanguage":"fr-FR","@id":"https:\/\/cabinetosmose.com\/#\/schema\/logo\/image\/","url":"https:\/\/cabinetosmose.com\/wp-content\/uploads\/2023\/09\/logo-osmose.jpg","contentUrl":"https:\/\/cabinetosmose.com\/wp-content\/uploads\/2023\/09\/logo-osmose.jpg","width":696,"height":696,"caption":"Sandrine Briot - Cabinet Osmose"},"image":{"@id":"https:\/\/cabinetosmose.com\/#\/schema\/logo\/image\/"},"sameAs":["https:\/\/www.facebook.com\/profile.php?id=100070860880540","https:\/\/www.instagram.com\/cabinetosmose_sandrinebriot\/","https:\/\/www.linkedin.com\/in\/sandrine-briot-a419b5bb\/"]}]}},"_links":{"self":[{"href":"https:\/\/cabinetosmose.com\/index.php\/wp-json\/wp\/v2\/pages\/1460","targetHints":{"allow":["GET"]}}],"collection":[{"href":"https:\/\/cabinetosmose.com\/index.php\/wp-json\/wp\/v2\/pages"}],"about":[{"href":"https:\/\/cabinetosmose.com\/index.php\/wp-json\/wp\/v2\/types\/page"}],"author":[{"embeddable":true,"href":"https:\/\/cabinetosmose.com\/index.php\/wp-json\/wp\/v2\/users\/2"}],"replies":[{"embeddable":true,"href":"https:\/\/cabinetosmose.com\/index.php\/wp-json\/wp\/v2\/comments?post=1460"}],"version-history":[{"count":21,"href":"https:\/\/cabinetosmose.com\/index.php\/wp-json\/wp\/v2\/pages\/1460\/revisions"}],"predecessor-version":[{"id":3492,"href":"https:\/\/cabinetosmose.com\/index.php\/wp-json\/wp\/v2\/pages\/1460\/revisions\/3492"}],"wp:attachment":[{"href":"https:\/\/cabinetosmose.com\/index.php\/wp-json\/wp\/v2\/media?parent=1460"}],"curies":[{"name":"wp","href":"https:\/\/api.w.org\/{rel}","templated":true}]}}