{"id":1669,"date":"2022-03-08T18:36:00","date_gmt":"2022-03-08T17:36:00","guid":{"rendered":"http:\/\/cabinetosmose.com\/?page_id=1669"},"modified":"2023-11-05T15:02:50","modified_gmt":"2023-11-05T14:02:50","slug":"therapie-de-couple","status":"publish","type":"page","link":"https:\/\/cabinetosmose.com\/index.php\/therapie-de-couple\/","title":{"rendered":"LE COUPLE"},"content":{"rendered":"<div class=\"eplus-40Zo6R wp-block-columns eplus-wrapper is-layout-flex wp-container-core-columns-is-layout-9d6595d7 wp-block-columns-is-layout-flex eplus-styles-uid-1ef2f3\">\n<div class=\"eplus-BRDZuz wp-block-column eplus-wrapper is-layout-flow wp-block-column-is-layout-flow\" style=\"flex-basis:100%\">\n<p class=\" eplus-uC8JdQ eplus-wrapper\"><\/p>\n<\/div>\n<\/div>\n\n\n<div class=\" eplus-n1P2Zh wp-block-media-text alignwide is-stacked-on-mobile eplus-wrapper\"><figure class=\"wp-block-media-text__media\"><img loading=\"lazy\" decoding=\"async\" width=\"724\" height=\"1024\" src=\"https:\/\/cabinetosmose.com\/wp-content\/uploads\/2022\/03\/le-couple-724x1024.png\" alt=\"\" class=\"wp-image-1670 size-full\" srcset=\"https:\/\/cabinetosmose.com\/wp-content\/uploads\/2022\/03\/le-couple-724x1024.png 724w, https:\/\/cabinetosmose.com\/wp-content\/uploads\/2022\/03\/le-couple-212x300.png 212w, https:\/\/cabinetosmose.com\/wp-content\/uploads\/2022\/03\/le-couple-768x1086.png 768w, https:\/\/cabinetosmose.com\/wp-content\/uploads\/2022\/03\/le-couple-500x707.png 500w, https:\/\/cabinetosmose.com\/wp-content\/uploads\/2022\/03\/le-couple.png 794w\" sizes=\"auto, (max-width: 724px) 100vw, 724px\" \/><\/figure><div class=\"wp-block-media-text__content\">\n<p class=\" eplus-i36ZF9 has-medium-font-size eplus-wrapper\">Le couple  inscrit dans la long\u00e9vit\u00e9 n\u00e9cessite d&rsquo;\u00e9tablir une relation \u00e0 l&rsquo;autre, \u00e9quilibr\u00e9e, rassurante et nourrie de projets communs. Un \u00e9v\u00e9nement difficile, une naissance, un deuil, une communication d\u00e9faillante, une sexualit\u00e9 alt\u00e9r\u00e9e, un adult\u00e8re&#8230; peuvent fragiliser cet \u00e9quilibre. <\/p>\n\n\n\n<p class=\" eplus-dFWHxM has-medium-font-size eplus-wrapper\">En impliquant les membres du couple \u00e0 deux ou seuls en alternance, la sophrologie vous aide \u00e0:<\/p>\n\n\n<ul class=\"has-text-color has-medium-font-size eplus-wrapper wp-block-list eplus-styles-uid-ad315d\" style=\"color:#c84b5e\"><li class=\" eplus-wrapper\">lib\u00e9rer la parole et faciliter l&rsquo;\u00e9coute<\/li>\n\n\n\n<li class=\" eplus-wrapper\">mieux comprendre l&rsquo;autre<\/li>\n\n\n\n<li class=\" eplus-wrapper\">r\u00e9tablir une communication  de qualit\u00e9 en offrant un cadre objectif et impartial  <\/li>\n\n\n\n<li class=\" eplus-wrapper\">\u00e9voluer \u00e0 deux tout en d\u00e9veloppant son individualit\u00e9<\/li>\n\n\n\n<li class=\" eplus-wrapper\">envisager les changements de mani\u00e8re positive<\/li>\n\n\n\n<li class=\" eplus-wrapper\">prendre du recul face \u00e0 une situation difficile<\/li>\n\n\n\n<li class=\" eplus-wrapper\">d\u00e9velopper une sexualit\u00e9 \u00e9panouie<\/li>\n\n\n\n<li class=\" eplus-wrapper\">renforcer les liens<\/li>\n\n\n\n<li class=\" eplus-wrapper\">trouver des solutions communes <\/li>\n<\/ul><\/div><\/div>\n","protected":false},"excerpt":{"rendered":"","protected":false},"author":2,"featured_media":0,"parent":0,"menu_order":0,"comment_status":"closed","ping_status":"closed","template":"template-gutenberg.php","meta":{"editor_plus_copied_stylings":"{}","_mi_skip_tracking":false,"_monsterinsights_sitenote_active":false,"_monsterinsights_sitenote_note":"","_monsterinsights_sitenote_category":0,"footnotes":""},"class_list":["post-1669","page","type-page","status-publish","hentry"],"yoast_head":"<!-- This site is optimized with the Yoast SEO plugin v21.4 - https:\/\/yoast.com\/wordpress\/plugins\/seo\/ -->\n<title>LE COUPLE - Sandrine Briot - Cabinet Osmose<\/title>\n<meta name=\"description\" content=\"Sophrologue , Naturopathe, R\u00e9flexologue \u00e0 Sallanches . G\u00e9rer le stress, la douleur, les troubles anxieux ...\" \/>\n<meta name=\"robots\" content=\"index, follow, max-snippet:-1, max-image-preview:large, max-video-preview:-1\" \/>\n<link rel=\"canonical\" href=\"https:\/\/cabinetosmose.com\/index.php\/therapie-de-couple\/\" \/>\n<meta property=\"og:locale\" content=\"fr_FR\" \/>\n<meta property=\"og:type\" content=\"article\" \/>\n<meta property=\"og:title\" content=\"LE COUPLE - Sandrine Briot - Cabinet Osmose\" \/>\n<meta property=\"og:description\" content=\"Sophrologue , Naturopathe, R\u00e9flexologue \u00e0 Sallanches . G\u00e9rer le stress, la douleur, les troubles anxieux ...\" \/>\n<meta property=\"og:url\" content=\"https:\/\/cabinetosmose.com\/index.php\/therapie-de-couple\/\" \/>\n<meta property=\"og:site_name\" content=\"Sandrine Briot - Cabinet Osmose\" \/>\n<meta property=\"article:publisher\" content=\"https:\/\/www.facebook.com\/profile.php?id=100070860880540\" \/>\n<meta property=\"article:modified_time\" content=\"2023-11-05T14:02:50+00:00\" \/>\n<meta property=\"og:image\" content=\"http:\/\/cabinetosmose.com\/wp-content\/uploads\/2022\/03\/le-couple-724x1024.png\" \/>\n<meta name=\"twitter:card\" content=\"summary_large_image\" \/>\n<meta name=\"twitter:label1\" content=\"Dur\u00e9e de lecture estim\u00e9e\" \/>\n\t<meta name=\"twitter:data1\" content=\"1 minute\" \/>\n<script type=\"application\/ld+json\" class=\"yoast-schema-graph\">{\"@context\":\"https:\/\/schema.org\",\"@graph\":[{\"@type\":\"WebPage\",\"@id\":\"https:\/\/cabinetosmose.com\/index.php\/therapie-de-couple\/\",\"url\":\"https:\/\/cabinetosmose.com\/index.php\/therapie-de-couple\/\",\"name\":\"LE COUPLE - Sandrine Briot - Cabinet Osmose\",\"isPartOf\":{\"@id\":\"https:\/\/cabinetosmose.com\/#website\"},\"datePublished\":\"2022-03-08T17:36:00+00:00\",\"dateModified\":\"2023-11-05T14:02:50+00:00\",\"description\":\"Sophrologue , Naturopathe, R\u00e9flexologue \u00e0 Sallanches . G\u00e9rer le stress, la douleur, les troubles anxieux ...\",\"breadcrumb\":{\"@id\":\"https:\/\/cabinetosmose.com\/index.php\/therapie-de-couple\/#breadcrumb\"},\"inLanguage\":\"fr-FR\",\"potentialAction\":[{\"@type\":\"ReadAction\",\"target\":[\"https:\/\/cabinetosmose.com\/index.php\/therapie-de-couple\/\"]}]},{\"@type\":\"BreadcrumbList\",\"@id\":\"https:\/\/cabinetosmose.com\/index.php\/therapie-de-couple\/#breadcrumb\",\"itemListElement\":[{\"@type\":\"ListItem\",\"position\":1,\"name\":\"Accueil\",\"item\":\"https:\/\/cabinetosmose.com\/\"},{\"@type\":\"ListItem\",\"position\":2,\"name\":\"LE COUPLE\"}]},{\"@type\":\"WebSite\",\"@id\":\"https:\/\/cabinetosmose.com\/#website\",\"url\":\"https:\/\/cabinetosmose.com\/\",\"name\":\"Sandrine Briot - Cabinet Osmose\",\"description\":\"Sophrologue Certifi\u00e9e RNCP (Sp\u00e9cialis\u00e9e en Canc\u00e9rologie)- R\u00e9flexologue- Naturopathe Certifi\u00e9e- Conf\u00e9renci\u00e8re Fran\u00e7ais\/Anglais -EI\",\"publisher\":{\"@id\":\"https:\/\/cabinetosmose.com\/#organization\"},\"alternateName\":\"Sophrologue - Naturopathe - Reflexologue\",\"potentialAction\":[{\"@type\":\"SearchAction\",\"target\":{\"@type\":\"EntryPoint\",\"urlTemplate\":\"https:\/\/cabinetosmose.com\/?s={search_term_string}\"},\"query-input\":\"required name=search_term_string\"}],\"inLanguage\":\"fr-FR\"},{\"@type\":\"Organization\",\"@id\":\"https:\/\/cabinetosmose.com\/#organization\",\"name\":\"Sandrine Briot - Cabinet Osmose\",\"alternateName\":\"Sophrologue - Naturopathe - Reflexologue\",\"url\":\"https:\/\/cabinetosmose.com\/\",\"logo\":{\"@type\":\"ImageObject\",\"inLanguage\":\"fr-FR\",\"@id\":\"https:\/\/cabinetosmose.com\/#\/schema\/logo\/image\/\",\"url\":\"https:\/\/cabinetosmose.com\/wp-content\/uploads\/2023\/09\/logo-osmose.jpg\",\"contentUrl\":\"https:\/\/cabinetosmose.com\/wp-content\/uploads\/2023\/09\/logo-osmose.jpg\",\"width\":696,\"height\":696,\"caption\":\"Sandrine Briot - Cabinet Osmose\"},\"image\":{\"@id\":\"https:\/\/cabinetosmose.com\/#\/schema\/logo\/image\/\"},\"sameAs\":[\"https:\/\/www.facebook.com\/profile.php?id=100070860880540\",\"https:\/\/www.instagram.com\/cabinetosmose_sandrinebriot\/\",\"https:\/\/www.linkedin.com\/in\/sandrine-briot-a419b5bb\/\"]}]}<\/script>\n<!-- \/ Yoast SEO plugin. -->","yoast_head_json":{"title":"LE COUPLE - Sandrine Briot - Cabinet Osmose","description":"Sophrologue , Naturopathe, R\u00e9flexologue \u00e0 Sallanches . G\u00e9rer le stress, la douleur, les troubles anxieux ...","robots":{"index":"index","follow":"follow","max-snippet":"max-snippet:-1","max-image-preview":"max-image-preview:large","max-video-preview":"max-video-preview:-1"},"canonical":"https:\/\/cabinetosmose.com\/index.php\/therapie-de-couple\/","og_locale":"fr_FR","og_type":"article","og_title":"LE COUPLE - Sandrine Briot - Cabinet Osmose","og_description":"Sophrologue , Naturopathe, R\u00e9flexologue \u00e0 Sallanches . G\u00e9rer le stress, la douleur, les troubles anxieux ...","og_url":"https:\/\/cabinetosmose.com\/index.php\/therapie-de-couple\/","og_site_name":"Sandrine Briot - Cabinet Osmose","article_publisher":"https:\/\/www.facebook.com\/profile.php?id=100070860880540","article_modified_time":"2023-11-05T14:02:50+00:00","og_image":[{"url":"http:\/\/cabinetosmose.com\/wp-content\/uploads\/2022\/03\/le-couple-724x1024.png"}],"twitter_card":"summary_large_image","twitter_misc":{"Dur\u00e9e de lecture estim\u00e9e":"1 minute"},"schema":{"@context":"https:\/\/schema.org","@graph":[{"@type":"WebPage","@id":"https:\/\/cabinetosmose.com\/index.php\/therapie-de-couple\/","url":"https:\/\/cabinetosmose.com\/index.php\/therapie-de-couple\/","name":"LE COUPLE - Sandrine Briot - Cabinet Osmose","isPartOf":{"@id":"https:\/\/cabinetosmose.com\/#website"},"datePublished":"2022-03-08T17:36:00+00:00","dateModified":"2023-11-05T14:02:50+00:00","description":"Sophrologue , Naturopathe, R\u00e9flexologue \u00e0 Sallanches . G\u00e9rer le stress, la douleur, les troubles anxieux ...","breadcrumb":{"@id":"https:\/\/cabinetosmose.com\/index.php\/therapie-de-couple\/#breadcrumb"},"inLanguage":"fr-FR","potentialAction":[{"@type":"ReadAction","target":["https:\/\/cabinetosmose.com\/index.php\/therapie-de-couple\/"]}]},{"@type":"BreadcrumbList","@id":"https:\/\/cabinetosmose.com\/index.php\/therapie-de-couple\/#breadcrumb","itemListElement":[{"@type":"ListItem","position":1,"name":"Accueil","item":"https:\/\/cabinetosmose.com\/"},{"@type":"ListItem","position":2,"name":"LE COUPLE"}]},{"@type":"WebSite","@id":"https:\/\/cabinetosmose.com\/#website","url":"https:\/\/cabinetosmose.com\/","name":"Sandrine Briot - Cabinet Osmose","description":"Sophrologue Certifi\u00e9e RNCP (Sp\u00e9cialis\u00e9e en Canc\u00e9rologie)- R\u00e9flexologue- Naturopathe Certifi\u00e9e- Conf\u00e9renci\u00e8re Fran\u00e7ais\/Anglais -EI","publisher":{"@id":"https:\/\/cabinetosmose.com\/#organization"},"alternateName":"Sophrologue - Naturopathe - Reflexologue","potentialAction":[{"@type":"SearchAction","target":{"@type":"EntryPoint","urlTemplate":"https:\/\/cabinetosmose.com\/?s={search_term_string}"},"query-input":"required name=search_term_string"}],"inLanguage":"fr-FR"},{"@type":"Organization","@id":"https:\/\/cabinetosmose.com\/#organization","name":"Sandrine Briot - Cabinet Osmose","alternateName":"Sophrologue - Naturopathe - Reflexologue","url":"https:\/\/cabinetosmose.com\/","logo":{"@type":"ImageObject","inLanguage":"fr-FR","@id":"https:\/\/cabinetosmose.com\/#\/schema\/logo\/image\/","url":"https:\/\/cabinetosmose.com\/wp-content\/uploads\/2023\/09\/logo-osmose.jpg","contentUrl":"https:\/\/cabinetosmose.com\/wp-content\/uploads\/2023\/09\/logo-osmose.jpg","width":696,"height":696,"caption":"Sandrine Briot - Cabinet Osmose"},"image":{"@id":"https:\/\/cabinetosmose.com\/#\/schema\/logo\/image\/"},"sameAs":["https:\/\/www.facebook.com\/profile.php?id=100070860880540","https:\/\/www.instagram.com\/cabinetosmose_sandrinebriot\/","https:\/\/www.linkedin.com\/in\/sandrine-briot-a419b5bb\/"]}]}},"_links":{"self":[{"href":"https:\/\/cabinetosmose.com\/index.php\/wp-json\/wp\/v2\/pages\/1669","targetHints":{"allow":["GET"]}}],"collection":[{"href":"https:\/\/cabinetosmose.com\/index.php\/wp-json\/wp\/v2\/pages"}],"about":[{"href":"https:\/\/cabinetosmose.com\/index.php\/wp-json\/wp\/v2\/types\/page"}],"author":[{"embeddable":true,"href":"https:\/\/cabinetosmose.com\/index.php\/wp-json\/wp\/v2\/users\/2"}],"replies":[{"embeddable":true,"href":"https:\/\/cabinetosmose.com\/index.php\/wp-json\/wp\/v2\/comments?post=1669"}],"version-history":[{"count":9,"href":"https:\/\/cabinetosmose.com\/index.php\/wp-json\/wp\/v2\/pages\/1669\/revisions"}],"predecessor-version":[{"id":3635,"href":"https:\/\/cabinetosmose.com\/index.php\/wp-json\/wp\/v2\/pages\/1669\/revisions\/3635"}],"wp:attachment":[{"href":"https:\/\/cabinetosmose.com\/index.php\/wp-json\/wp\/v2\/media?parent=1669"}],"curies":[{"name":"wp","href":"https:\/\/api.w.org\/{rel}","templated":true}]}}