{"id":3400,"date":"2023-02-12T18:55:58","date_gmt":"2023-02-12T17:55:58","guid":{"rendered":"https:\/\/cabinetosmose.com\/?page_id=3400"},"modified":"2023-11-02T13:17:10","modified_gmt":"2023-11-02T12:17:10","slug":"mentions-legales","status":"publish","type":"page","link":"https:\/\/cabinetosmose.com\/index.php\/mentions-legales\/","title":{"rendered":"Mentions l\u00e9gales"},"content":{"rendered":"\n<p class=\" eplus-wrapper\">Cabinet Osmose -Sandrine Briot- Entrepreneur Individuel<\/p>\n\n\n\n<p class=\" eplus-wrapper\">SIRET: 90201505600010<\/p>\n\n\n\n<p class=\" eplus-wrapper\">T\u00e9l\u00e9phone: 06 84 35 54 17<\/p>\n\n\n\n<p class=\" eplus-wrapper\">Responsable de publication: Sandrine Briot- Le responsable de publication est une personne physique ou morale.<\/p>\n\n\n\n<p class=\" eplus-wrapper\">Si\u00e8ge social: 110 rue de Portette 74170 St Gervais -Les-Bains<\/p>\n\n\n\n<p class=\" eplus-wrapper\">H\u00e9bergeur du site: OVH &#8211; SIREN: 424 761 419 &#8211; 2 rue Kellermann 59100 Roubaix<\/p>\n","protected":false},"excerpt":{"rendered":"<p>Cabinet Osmose -Sandrine Briot- Entrepreneur Individuel SIRET: 90201505600010 T\u00e9l\u00e9phone: 06 84 35 54 17 Responsable de publication: Sandrine Briot- Le responsable de publication est une personne physique ou morale. Si\u00e8ge social: 110 rue de Portette 74170 St Gervais -Les-Bains H\u00e9bergeur du site: OVH &#8211; SIREN: 424 761 419 &#8211; 2 rue Kellermann 59100 Roubaix<\/p>\n","protected":false},"author":1,"featured_media":0,"parent":0,"menu_order":0,"comment_status":"closed","ping_status":"closed","template":"template-full-width.php","meta":{"editor_plus_copied_stylings":"{}","_mi_skip_tracking":false,"_monsterinsights_sitenote_active":false,"_monsterinsights_sitenote_note":"","_monsterinsights_sitenote_category":0,"footnotes":""},"class_list":["post-3400","page","type-page","status-publish","hentry"],"yoast_head":"<!-- This site is optimized with the Yoast SEO plugin v21.4 - https:\/\/yoast.com\/wordpress\/plugins\/seo\/ -->\n<title>Mentions l\u00e9gales - Sandrine Briot - Cabinet Osmose<\/title>\n<meta name=\"description\" content=\"Sandrine Briot - Cabinet Osmose Mentions l\u00e9gales\" \/>\n<meta name=\"robots\" content=\"noindex, follow\" \/>\n<meta property=\"og:locale\" content=\"fr_FR\" \/>\n<meta property=\"og:type\" content=\"article\" \/>\n<meta property=\"og:title\" content=\"Mentions l\u00e9gales - Sandrine Briot - Cabinet Osmose\" \/>\n<meta property=\"og:description\" content=\"Sandrine Briot - Cabinet Osmose Mentions l\u00e9gales\" \/>\n<meta property=\"og:url\" content=\"https:\/\/cabinetosmose.com\/index.php\/mentions-legales\/\" \/>\n<meta property=\"og:site_name\" content=\"Sandrine Briot - Cabinet Osmose\" \/>\n<meta property=\"article:publisher\" content=\"https:\/\/www.facebook.com\/profile.php?id=100070860880540\" \/>\n<meta property=\"article:modified_time\" content=\"2023-11-02T12:17:10+00:00\" \/>\n<meta name=\"twitter:card\" content=\"summary_large_image\" \/>\n<meta name=\"twitter:label1\" content=\"Dur\u00e9e de lecture estim\u00e9e\" \/>\n\t<meta name=\"twitter:data1\" content=\"1 minute\" \/>\n<script type=\"application\/ld+json\" class=\"yoast-schema-graph\">{\"@context\":\"https:\/\/schema.org\",\"@graph\":[{\"@type\":\"WebPage\",\"@id\":\"https:\/\/cabinetosmose.com\/index.php\/mentions-legales\/\",\"url\":\"https:\/\/cabinetosmose.com\/index.php\/mentions-legales\/\",\"name\":\"Mentions l\u00e9gales - Sandrine Briot - Cabinet Osmose\",\"isPartOf\":{\"@id\":\"https:\/\/cabinetosmose.com\/#website\"},\"datePublished\":\"2023-02-12T17:55:58+00:00\",\"dateModified\":\"2023-11-02T12:17:10+00:00\",\"description\":\"Sandrine Briot - Cabinet Osmose Mentions l\u00e9gales\",\"breadcrumb\":{\"@id\":\"https:\/\/cabinetosmose.com\/index.php\/mentions-legales\/#breadcrumb\"},\"inLanguage\":\"fr-FR\",\"potentialAction\":[{\"@type\":\"ReadAction\",\"target\":[\"https:\/\/cabinetosmose.com\/index.php\/mentions-legales\/\"]}]},{\"@type\":\"BreadcrumbList\",\"@id\":\"https:\/\/cabinetosmose.com\/index.php\/mentions-legales\/#breadcrumb\",\"itemListElement\":[{\"@type\":\"ListItem\",\"position\":1,\"name\":\"Accueil\",\"item\":\"https:\/\/cabinetosmose.com\/\"},{\"@type\":\"ListItem\",\"position\":2,\"name\":\"Mentions l\u00e9gales\"}]},{\"@type\":\"WebSite\",\"@id\":\"https:\/\/cabinetosmose.com\/#website\",\"url\":\"https:\/\/cabinetosmose.com\/\",\"name\":\"Sandrine Briot - Cabinet Osmose\",\"description\":\"Sophrologue Certifi\u00e9e RNCP (Sp\u00e9cialis\u00e9e en Canc\u00e9rologie)- R\u00e9flexologue- Naturopathe Certifi\u00e9e- Conf\u00e9renci\u00e8re Fran\u00e7ais\/Anglais -EI\",\"publisher\":{\"@id\":\"https:\/\/cabinetosmose.com\/#organization\"},\"alternateName\":\"Sophrologue - Naturopathe - Reflexologue\",\"potentialAction\":[{\"@type\":\"SearchAction\",\"target\":{\"@type\":\"EntryPoint\",\"urlTemplate\":\"https:\/\/cabinetosmose.com\/?s={search_term_string}\"},\"query-input\":\"required name=search_term_string\"}],\"inLanguage\":\"fr-FR\"},{\"@type\":\"Organization\",\"@id\":\"https:\/\/cabinetosmose.com\/#organization\",\"name\":\"Sandrine Briot - Cabinet Osmose\",\"alternateName\":\"Sophrologue - Naturopathe - Reflexologue\",\"url\":\"https:\/\/cabinetosmose.com\/\",\"logo\":{\"@type\":\"ImageObject\",\"inLanguage\":\"fr-FR\",\"@id\":\"https:\/\/cabinetosmose.com\/#\/schema\/logo\/image\/\",\"url\":\"https:\/\/cabinetosmose.com\/wp-content\/uploads\/2023\/09\/logo-osmose.jpg\",\"contentUrl\":\"https:\/\/cabinetosmose.com\/wp-content\/uploads\/2023\/09\/logo-osmose.jpg\",\"width\":696,\"height\":696,\"caption\":\"Sandrine Briot - Cabinet Osmose\"},\"image\":{\"@id\":\"https:\/\/cabinetosmose.com\/#\/schema\/logo\/image\/\"},\"sameAs\":[\"https:\/\/www.facebook.com\/profile.php?id=100070860880540\",\"https:\/\/www.instagram.com\/cabinetosmose_sandrinebriot\/\",\"https:\/\/www.linkedin.com\/in\/sandrine-briot-a419b5bb\/\"]}]}<\/script>\n<!-- \/ Yoast SEO plugin. -->","yoast_head_json":{"title":"Mentions l\u00e9gales - Sandrine Briot - Cabinet Osmose","description":"Sandrine Briot - Cabinet Osmose Mentions l\u00e9gales","robots":{"index":"noindex","follow":"follow"},"og_locale":"fr_FR","og_type":"article","og_title":"Mentions l\u00e9gales - Sandrine Briot - Cabinet Osmose","og_description":"Sandrine Briot - Cabinet Osmose Mentions l\u00e9gales","og_url":"https:\/\/cabinetosmose.com\/index.php\/mentions-legales\/","og_site_name":"Sandrine Briot - Cabinet Osmose","article_publisher":"https:\/\/www.facebook.com\/profile.php?id=100070860880540","article_modified_time":"2023-11-02T12:17:10+00:00","twitter_card":"summary_large_image","twitter_misc":{"Dur\u00e9e de lecture estim\u00e9e":"1 minute"},"schema":{"@context":"https:\/\/schema.org","@graph":[{"@type":"WebPage","@id":"https:\/\/cabinetosmose.com\/index.php\/mentions-legales\/","url":"https:\/\/cabinetosmose.com\/index.php\/mentions-legales\/","name":"Mentions l\u00e9gales - Sandrine Briot - Cabinet Osmose","isPartOf":{"@id":"https:\/\/cabinetosmose.com\/#website"},"datePublished":"2023-02-12T17:55:58+00:00","dateModified":"2023-11-02T12:17:10+00:00","description":"Sandrine Briot - Cabinet Osmose Mentions l\u00e9gales","breadcrumb":{"@id":"https:\/\/cabinetosmose.com\/index.php\/mentions-legales\/#breadcrumb"},"inLanguage":"fr-FR","potentialAction":[{"@type":"ReadAction","target":["https:\/\/cabinetosmose.com\/index.php\/mentions-legales\/"]}]},{"@type":"BreadcrumbList","@id":"https:\/\/cabinetosmose.com\/index.php\/mentions-legales\/#breadcrumb","itemListElement":[{"@type":"ListItem","position":1,"name":"Accueil","item":"https:\/\/cabinetosmose.com\/"},{"@type":"ListItem","position":2,"name":"Mentions l\u00e9gales"}]},{"@type":"WebSite","@id":"https:\/\/cabinetosmose.com\/#website","url":"https:\/\/cabinetosmose.com\/","name":"Sandrine Briot - Cabinet Osmose","description":"Sophrologue Certifi\u00e9e RNCP (Sp\u00e9cialis\u00e9e en Canc\u00e9rologie)- R\u00e9flexologue- Naturopathe Certifi\u00e9e- Conf\u00e9renci\u00e8re Fran\u00e7ais\/Anglais -EI","publisher":{"@id":"https:\/\/cabinetosmose.com\/#organization"},"alternateName":"Sophrologue - Naturopathe - Reflexologue","potentialAction":[{"@type":"SearchAction","target":{"@type":"EntryPoint","urlTemplate":"https:\/\/cabinetosmose.com\/?s={search_term_string}"},"query-input":"required name=search_term_string"}],"inLanguage":"fr-FR"},{"@type":"Organization","@id":"https:\/\/cabinetosmose.com\/#organization","name":"Sandrine Briot - Cabinet Osmose","alternateName":"Sophrologue - Naturopathe - Reflexologue","url":"https:\/\/cabinetosmose.com\/","logo":{"@type":"ImageObject","inLanguage":"fr-FR","@id":"https:\/\/cabinetosmose.com\/#\/schema\/logo\/image\/","url":"https:\/\/cabinetosmose.com\/wp-content\/uploads\/2023\/09\/logo-osmose.jpg","contentUrl":"https:\/\/cabinetosmose.com\/wp-content\/uploads\/2023\/09\/logo-osmose.jpg","width":696,"height":696,"caption":"Sandrine Briot - Cabinet Osmose"},"image":{"@id":"https:\/\/cabinetosmose.com\/#\/schema\/logo\/image\/"},"sameAs":["https:\/\/www.facebook.com\/profile.php?id=100070860880540","https:\/\/www.instagram.com\/cabinetosmose_sandrinebriot\/","https:\/\/www.linkedin.com\/in\/sandrine-briot-a419b5bb\/"]}]}},"_links":{"self":[{"href":"https:\/\/cabinetosmose.com\/index.php\/wp-json\/wp\/v2\/pages\/3400","targetHints":{"allow":["GET"]}}],"collection":[{"href":"https:\/\/cabinetosmose.com\/index.php\/wp-json\/wp\/v2\/pages"}],"about":[{"href":"https:\/\/cabinetosmose.com\/index.php\/wp-json\/wp\/v2\/types\/page"}],"author":[{"embeddable":true,"href":"https:\/\/cabinetosmose.com\/index.php\/wp-json\/wp\/v2\/users\/1"}],"replies":[{"embeddable":true,"href":"https:\/\/cabinetosmose.com\/index.php\/wp-json\/wp\/v2\/comments?post=3400"}],"version-history":[{"count":6,"href":"https:\/\/cabinetosmose.com\/index.php\/wp-json\/wp\/v2\/pages\/3400\/revisions"}],"predecessor-version":[{"id":3624,"href":"https:\/\/cabinetosmose.com\/index.php\/wp-json\/wp\/v2\/pages\/3400\/revisions\/3624"}],"wp:attachment":[{"href":"https:\/\/cabinetosmose.com\/index.php\/wp-json\/wp\/v2\/media?parent=3400"}],"curies":[{"name":"wp","href":"https:\/\/api.w.org\/{rel}","templated":true}]}}