{"id":3506,"date":"2023-05-19T08:47:18","date_gmt":"2023-05-19T06:47:18","guid":{"rendered":"https:\/\/cabinetosmose.com\/?page_id=3506"},"modified":"2023-11-03T16:06:21","modified_gmt":"2023-11-03T15:06:21","slug":"ateliers","status":"publish","type":"page","link":"https:\/\/cabinetosmose.com\/index.php\/ateliers\/","title":{"rendered":"ATELIERS DE NATUROPATHIE"},"content":{"rendered":"\n<div class=\" wp-block-media-text alignwide is-stacked-on-mobile is-image-fill eplus-wrapper\"><figure class=\"wp-block-media-text__media\" style=\"background-image:url(https:\/\/cabinetosmose.com\/wp-content\/uploads\/2023\/05\/hillary-ungson-TdpSX7XAcKo-unsplash-683x1024.jpg);background-position:50% 50%\"><img loading=\"lazy\" decoding=\"async\" width=\"683\" height=\"1024\" src=\"https:\/\/cabinetosmose.com\/wp-content\/uploads\/2023\/05\/hillary-ungson-TdpSX7XAcKo-unsplash-683x1024.jpg\" alt=\"\" class=\"wp-image-3511 size-large\" srcset=\"https:\/\/cabinetosmose.com\/wp-content\/uploads\/2023\/05\/hillary-ungson-TdpSX7XAcKo-unsplash-683x1024.jpg 683w, https:\/\/cabinetosmose.com\/wp-content\/uploads\/2023\/05\/hillary-ungson-TdpSX7XAcKo-unsplash-200x300.jpg 200w, https:\/\/cabinetosmose.com\/wp-content\/uploads\/2023\/05\/hillary-ungson-TdpSX7XAcKo-unsplash-768x1152.jpg 768w, https:\/\/cabinetosmose.com\/wp-content\/uploads\/2023\/05\/hillary-ungson-TdpSX7XAcKo-unsplash-1024x1536.jpg 1024w, https:\/\/cabinetosmose.com\/wp-content\/uploads\/2023\/05\/hillary-ungson-TdpSX7XAcKo-unsplash-1365x2048.jpg 1365w, https:\/\/cabinetosmose.com\/wp-content\/uploads\/2023\/05\/hillary-ungson-TdpSX7XAcKo-unsplash-500x750.jpg 500w, https:\/\/cabinetosmose.com\/wp-content\/uploads\/2023\/05\/hillary-ungson-TdpSX7XAcKo-unsplash-800x1200.jpg 800w, https:\/\/cabinetosmose.com\/wp-content\/uploads\/2023\/05\/hillary-ungson-TdpSX7XAcKo-unsplash-1280x1920.jpg 1280w, https:\/\/cabinetosmose.com\/wp-content\/uploads\/2023\/05\/hillary-ungson-TdpSX7XAcKo-unsplash-1920x2880.jpg 1920w, https:\/\/cabinetosmose.com\/wp-content\/uploads\/2023\/05\/hillary-ungson-TdpSX7XAcKo-unsplash-scaled.jpg 1707w\" sizes=\"auto, (max-width: 683px) 100vw, 683px\" \/><\/figure><div class=\"wp-block-media-text__content\">\n<p class=\" has-medium-font-size eplus-wrapper\">Des ateliers th\u00e9matiques d\u00e9complex\u00e9s et conviviaux qui r\u00e9pondent \u00e0 un besoin commun:  ( 4 personnes minimum, sur demande)<\/p>\n\n\n<ul class=\"has-text-color has-medium-font-size eplus-wrapper wp-block-list eplus-styles-uid-c1f2f7\" style=\"color:#c84b5e\"><li class=\" eplus-wrapper\">Comment adopter une alimentation anti-inflammatoire au quotidien.<\/li>\n\n\n\n<li class=\" eplus-wrapper\">G\u00e9rer les petits maux du quotidien de fa\u00e7on naturelle et sans se ruiner.<\/li>\n\n\n\n<li class=\" eplus-wrapper\">Booster son syst\u00e8me immunitaire de mani\u00e8re naturelle.<\/li>\n\n\n\n<li class=\" eplus-wrapper\">R\u00e9ajuster son hygi\u00e8ne de vie et utiliser la phytoth\u00e9rapie pour perdre du poids de fa\u00e7on durable.<\/li>\n\n\n\n<li class=\" eplus-wrapper\">Utiliser les huiles essentielles en toute s\u00e9curit\u00e9.<\/li>\n\n\n\n<li class=\" eplus-wrapper\">Mon assiette plaisir sans gluten.<\/li>\n\n\n\n<li class=\" eplus-wrapper\">Mon assiette plaisir sans lactose.<\/li>\n\n\n\n<li class=\" eplus-wrapper\">R\u00e9veiller une libido en sommeil.<\/li>\n\n\n\n<li class=\" eplus-wrapper\">M\u00e9nopaus\u00e9e oui! mais en pleine sant\u00e9!<\/li>\n\n\n\n<li class=\" eplus-wrapper\">Fabriquer ses cosm\u00e9tiques et ses produits m\u00e9nagers: une solution saine et \u00e9conomique.<\/li>\n\n\n\n<li class=\" eplus-wrapper\">Bien vivre son hormonoth\u00e9rapie.<\/li>\n\n\n\n<li class=\" eplus-wrapper\">Comment bien s&rsquo;alimenter pendant les diff\u00e9rentes \u00e9tapes des traitements contre le cancer.<\/li>\n\n\n\n<li class=\" eplus-wrapper\">Quels moyens naturels pour accompagner un trouble chronique (troubles digestifs, probl\u00e8mes de peau, syndrome pr\u00e9menstruel, tendinites, migraines, endom\u00e9triose, SOPK &#8230;)<\/li>\n\n\n\n<li class=\" eplus-wrapper\">Accompagner l&rsquo;arr\u00eat du tabac.<\/li>\n\n\n\n<li class=\" eplus-wrapper\">Comment favoriser la conception de b\u00e9b\u00e9?<\/li>\n\n\n\n<li class=\" eplus-wrapper\">Belle et sereine pendant la grossesse.<\/li>\n<\/ul>\n\n\n<p class=\" has-text-color eplus-wrapper\" style=\"color:#098759\"> <em>La naturopathie ne se substitue pas \u00e0 la m\u00e9decine conventionnelle. N&rsquo;arr\u00eatez jamais un traitement sans l&rsquo;avis de votre m\u00e9decin.<\/em><\/p>\n<\/div><\/div>\n","protected":false},"excerpt":{"rendered":"","protected":false},"author":2,"featured_media":0,"parent":0,"menu_order":0,"comment_status":"closed","ping_status":"closed","template":"template-gutenberg.php","meta":{"editor_plus_copied_stylings":"{}","_mi_skip_tracking":false,"_monsterinsights_sitenote_active":false,"_monsterinsights_sitenote_note":"","_monsterinsights_sitenote_category":0,"footnotes":""},"class_list":["post-3506","page","type-page","status-publish","hentry"],"yoast_head":"<!-- This site is optimized with the Yoast SEO plugin v21.4 - https:\/\/yoast.com\/wordpress\/plugins\/seo\/ -->\n<title>ATELIERS DE NATUROPATHIE - Sandrine Briot - Cabinet Osmose<\/title>\n<meta name=\"description\" content=\"Sophrologue , Naturopathe, R\u00e9flexologue \u00e0 Sallanches . G\u00e9rer le stress, la douleur, les troubles anxieux ...\" \/>\n<meta name=\"robots\" content=\"index, follow, max-snippet:-1, max-image-preview:large, max-video-preview:-1\" \/>\n<link rel=\"canonical\" href=\"https:\/\/cabinetosmose.com\/index.php\/ateliers\/\" \/>\n<meta property=\"og:locale\" content=\"fr_FR\" \/>\n<meta property=\"og:type\" content=\"article\" \/>\n<meta property=\"og:title\" content=\"ATELIERS DE NATUROPATHIE - Sandrine Briot - Cabinet Osmose\" \/>\n<meta property=\"og:description\" content=\"Sophrologue , Naturopathe, R\u00e9flexologue \u00e0 Sallanches . G\u00e9rer le stress, la douleur, les troubles anxieux ...\" \/>\n<meta property=\"og:url\" content=\"https:\/\/cabinetosmose.com\/index.php\/ateliers\/\" \/>\n<meta property=\"og:site_name\" content=\"Sandrine Briot - Cabinet Osmose\" \/>\n<meta property=\"article:publisher\" content=\"https:\/\/www.facebook.com\/profile.php?id=100070860880540\" \/>\n<meta property=\"article:modified_time\" content=\"2023-11-03T15:06:21+00:00\" \/>\n<meta property=\"og:image\" content=\"https:\/\/cabinetosmose.com\/wp-content\/uploads\/2023\/05\/hillary-ungson-TdpSX7XAcKo-unsplash-683x1024.jpg\" \/>\n<meta name=\"twitter:card\" content=\"summary_large_image\" \/>\n<meta name=\"twitter:label1\" content=\"Dur\u00e9e de lecture estim\u00e9e\" \/>\n\t<meta name=\"twitter:data1\" content=\"2 minutes\" \/>\n<script type=\"application\/ld+json\" class=\"yoast-schema-graph\">{\"@context\":\"https:\/\/schema.org\",\"@graph\":[{\"@type\":\"Article\",\"@id\":\"https:\/\/cabinetosmose.com\/index.php\/ateliers\/#article\",\"isPartOf\":{\"@id\":\"https:\/\/cabinetosmose.com\/index.php\/ateliers\/\"},\"author\":{\"name\":\"Sandrine Briot\",\"@id\":\"https:\/\/cabinetosmose.com\/#\/schema\/person\/d7ecb50e93bbf41178769a34ad888cc3\"},\"headline\":\"ATELIERS DE NATUROPATHIE\",\"datePublished\":\"2023-05-19T06:47:18+00:00\",\"dateModified\":\"2023-11-03T15:06:21+00:00\",\"mainEntityOfPage\":{\"@id\":\"https:\/\/cabinetosmose.com\/index.php\/ateliers\/\"},\"wordCount\":198,\"publisher\":{\"@id\":\"https:\/\/cabinetosmose.com\/#organization\"},\"inLanguage\":\"fr-FR\"},{\"@type\":[\"WebPage\",\"ItemPage\"],\"@id\":\"https:\/\/cabinetosmose.com\/index.php\/ateliers\/\",\"url\":\"https:\/\/cabinetosmose.com\/index.php\/ateliers\/\",\"name\":\"ATELIERS DE NATUROPATHIE - Sandrine Briot - Cabinet Osmose\",\"isPartOf\":{\"@id\":\"https:\/\/cabinetosmose.com\/#website\"},\"datePublished\":\"2023-05-19T06:47:18+00:00\",\"dateModified\":\"2023-11-03T15:06:21+00:00\",\"description\":\"Sophrologue , Naturopathe, R\u00e9flexologue \u00e0 Sallanches . G\u00e9rer le stress, la douleur, les troubles anxieux ...\",\"breadcrumb\":{\"@id\":\"https:\/\/cabinetosmose.com\/index.php\/ateliers\/#breadcrumb\"},\"inLanguage\":\"fr-FR\",\"potentialAction\":[{\"@type\":\"ReadAction\",\"target\":[\"https:\/\/cabinetosmose.com\/index.php\/ateliers\/\"]}]},{\"@type\":\"BreadcrumbList\",\"@id\":\"https:\/\/cabinetosmose.com\/index.php\/ateliers\/#breadcrumb\",\"itemListElement\":[{\"@type\":\"ListItem\",\"position\":1,\"name\":\"Accueil\",\"item\":\"https:\/\/cabinetosmose.com\/\"},{\"@type\":\"ListItem\",\"position\":2,\"name\":\"ATELIERS DE NATUROPATHIE\"}]},{\"@type\":\"WebSite\",\"@id\":\"https:\/\/cabinetosmose.com\/#website\",\"url\":\"https:\/\/cabinetosmose.com\/\",\"name\":\"Sandrine Briot - Cabinet Osmose\",\"description\":\"Sophrologue Certifi\u00e9e RNCP (Sp\u00e9cialis\u00e9e en Canc\u00e9rologie)- R\u00e9flexologue- Naturopathe Certifi\u00e9e- Conf\u00e9renci\u00e8re Fran\u00e7ais\/Anglais -EI\",\"publisher\":{\"@id\":\"https:\/\/cabinetosmose.com\/#organization\"},\"alternateName\":\"Sophrologue - Naturopathe - Reflexologue\",\"potentialAction\":[{\"@type\":\"SearchAction\",\"target\":{\"@type\":\"EntryPoint\",\"urlTemplate\":\"https:\/\/cabinetosmose.com\/?s={search_term_string}\"},\"query-input\":\"required name=search_term_string\"}],\"inLanguage\":\"fr-FR\"},{\"@type\":\"Organization\",\"@id\":\"https:\/\/cabinetosmose.com\/#organization\",\"name\":\"Sandrine Briot - Cabinet Osmose\",\"alternateName\":\"Sophrologue - Naturopathe - Reflexologue\",\"url\":\"https:\/\/cabinetosmose.com\/\",\"logo\":{\"@type\":\"ImageObject\",\"inLanguage\":\"fr-FR\",\"@id\":\"https:\/\/cabinetosmose.com\/#\/schema\/logo\/image\/\",\"url\":\"https:\/\/cabinetosmose.com\/wp-content\/uploads\/2023\/09\/logo-osmose.jpg\",\"contentUrl\":\"https:\/\/cabinetosmose.com\/wp-content\/uploads\/2023\/09\/logo-osmose.jpg\",\"width\":696,\"height\":696,\"caption\":\"Sandrine Briot - Cabinet Osmose\"},\"image\":{\"@id\":\"https:\/\/cabinetosmose.com\/#\/schema\/logo\/image\/\"},\"sameAs\":[\"https:\/\/www.facebook.com\/profile.php?id=100070860880540\",\"https:\/\/www.instagram.com\/cabinetosmose_sandrinebriot\/\",\"https:\/\/www.linkedin.com\/in\/sandrine-briot-a419b5bb\/\"]},{\"@type\":\"Person\",\"@id\":\"https:\/\/cabinetosmose.com\/#\/schema\/person\/d7ecb50e93bbf41178769a34ad888cc3\",\"name\":\"Sandrine Briot\",\"image\":{\"@type\":\"ImageObject\",\"inLanguage\":\"fr-FR\",\"@id\":\"https:\/\/cabinetosmose.com\/#\/schema\/person\/image\/\",\"url\":\"https:\/\/secure.gravatar.com\/avatar\/a3ff6c02b0d1eecf48918dedb96129c7beb1964727061676415d979c20a10d57?s=96&d=mm&r=g\",\"contentUrl\":\"https:\/\/secure.gravatar.com\/avatar\/a3ff6c02b0d1eecf48918dedb96129c7beb1964727061676415d979c20a10d57?s=96&d=mm&r=g\",\"caption\":\"Sandrine Briot\"},\"sameAs\":[\"http:\/\/cabinetosmose.com\"],\"url\":\"https:\/\/cabinetosmose.com\/index.php\/author\/s-briot\/\"}]}<\/script>\n<!-- \/ Yoast SEO plugin. -->","yoast_head_json":{"title":"ATELIERS DE NATUROPATHIE - Sandrine Briot - Cabinet Osmose","description":"Sophrologue , Naturopathe, R\u00e9flexologue \u00e0 Sallanches . G\u00e9rer le stress, la douleur, les troubles anxieux ...","robots":{"index":"index","follow":"follow","max-snippet":"max-snippet:-1","max-image-preview":"max-image-preview:large","max-video-preview":"max-video-preview:-1"},"canonical":"https:\/\/cabinetosmose.com\/index.php\/ateliers\/","og_locale":"fr_FR","og_type":"article","og_title":"ATELIERS DE NATUROPATHIE - Sandrine Briot - Cabinet Osmose","og_description":"Sophrologue , Naturopathe, R\u00e9flexologue \u00e0 Sallanches . G\u00e9rer le stress, la douleur, les troubles anxieux ...","og_url":"https:\/\/cabinetosmose.com\/index.php\/ateliers\/","og_site_name":"Sandrine Briot - Cabinet Osmose","article_publisher":"https:\/\/www.facebook.com\/profile.php?id=100070860880540","article_modified_time":"2023-11-03T15:06:21+00:00","og_image":[{"url":"https:\/\/cabinetosmose.com\/wp-content\/uploads\/2023\/05\/hillary-ungson-TdpSX7XAcKo-unsplash-683x1024.jpg"}],"twitter_card":"summary_large_image","twitter_misc":{"Dur\u00e9e de lecture estim\u00e9e":"2 minutes"},"schema":{"@context":"https:\/\/schema.org","@graph":[{"@type":"Article","@id":"https:\/\/cabinetosmose.com\/index.php\/ateliers\/#article","isPartOf":{"@id":"https:\/\/cabinetosmose.com\/index.php\/ateliers\/"},"author":{"name":"Sandrine Briot","@id":"https:\/\/cabinetosmose.com\/#\/schema\/person\/d7ecb50e93bbf41178769a34ad888cc3"},"headline":"ATELIERS DE NATUROPATHIE","datePublished":"2023-05-19T06:47:18+00:00","dateModified":"2023-11-03T15:06:21+00:00","mainEntityOfPage":{"@id":"https:\/\/cabinetosmose.com\/index.php\/ateliers\/"},"wordCount":198,"publisher":{"@id":"https:\/\/cabinetosmose.com\/#organization"},"inLanguage":"fr-FR"},{"@type":["WebPage","ItemPage"],"@id":"https:\/\/cabinetosmose.com\/index.php\/ateliers\/","url":"https:\/\/cabinetosmose.com\/index.php\/ateliers\/","name":"ATELIERS DE NATUROPATHIE - Sandrine Briot - Cabinet Osmose","isPartOf":{"@id":"https:\/\/cabinetosmose.com\/#website"},"datePublished":"2023-05-19T06:47:18+00:00","dateModified":"2023-11-03T15:06:21+00:00","description":"Sophrologue , Naturopathe, R\u00e9flexologue \u00e0 Sallanches . G\u00e9rer le stress, la douleur, les troubles anxieux ...","breadcrumb":{"@id":"https:\/\/cabinetosmose.com\/index.php\/ateliers\/#breadcrumb"},"inLanguage":"fr-FR","potentialAction":[{"@type":"ReadAction","target":["https:\/\/cabinetosmose.com\/index.php\/ateliers\/"]}]},{"@type":"BreadcrumbList","@id":"https:\/\/cabinetosmose.com\/index.php\/ateliers\/#breadcrumb","itemListElement":[{"@type":"ListItem","position":1,"name":"Accueil","item":"https:\/\/cabinetosmose.com\/"},{"@type":"ListItem","position":2,"name":"ATELIERS DE NATUROPATHIE"}]},{"@type":"WebSite","@id":"https:\/\/cabinetosmose.com\/#website","url":"https:\/\/cabinetosmose.com\/","name":"Sandrine Briot - Cabinet Osmose","description":"Sophrologue Certifi\u00e9e RNCP (Sp\u00e9cialis\u00e9e en Canc\u00e9rologie)- R\u00e9flexologue- Naturopathe Certifi\u00e9e- Conf\u00e9renci\u00e8re Fran\u00e7ais\/Anglais -EI","publisher":{"@id":"https:\/\/cabinetosmose.com\/#organization"},"alternateName":"Sophrologue - Naturopathe - Reflexologue","potentialAction":[{"@type":"SearchAction","target":{"@type":"EntryPoint","urlTemplate":"https:\/\/cabinetosmose.com\/?s={search_term_string}"},"query-input":"required name=search_term_string"}],"inLanguage":"fr-FR"},{"@type":"Organization","@id":"https:\/\/cabinetosmose.com\/#organization","name":"Sandrine Briot - Cabinet Osmose","alternateName":"Sophrologue - Naturopathe - Reflexologue","url":"https:\/\/cabinetosmose.com\/","logo":{"@type":"ImageObject","inLanguage":"fr-FR","@id":"https:\/\/cabinetosmose.com\/#\/schema\/logo\/image\/","url":"https:\/\/cabinetosmose.com\/wp-content\/uploads\/2023\/09\/logo-osmose.jpg","contentUrl":"https:\/\/cabinetosmose.com\/wp-content\/uploads\/2023\/09\/logo-osmose.jpg","width":696,"height":696,"caption":"Sandrine Briot - Cabinet Osmose"},"image":{"@id":"https:\/\/cabinetosmose.com\/#\/schema\/logo\/image\/"},"sameAs":["https:\/\/www.facebook.com\/profile.php?id=100070860880540","https:\/\/www.instagram.com\/cabinetosmose_sandrinebriot\/","https:\/\/www.linkedin.com\/in\/sandrine-briot-a419b5bb\/"]},{"@type":"Person","@id":"https:\/\/cabinetosmose.com\/#\/schema\/person\/d7ecb50e93bbf41178769a34ad888cc3","name":"Sandrine Briot","image":{"@type":"ImageObject","inLanguage":"fr-FR","@id":"https:\/\/cabinetosmose.com\/#\/schema\/person\/image\/","url":"https:\/\/secure.gravatar.com\/avatar\/a3ff6c02b0d1eecf48918dedb96129c7beb1964727061676415d979c20a10d57?s=96&d=mm&r=g","contentUrl":"https:\/\/secure.gravatar.com\/avatar\/a3ff6c02b0d1eecf48918dedb96129c7beb1964727061676415d979c20a10d57?s=96&d=mm&r=g","caption":"Sandrine Briot"},"sameAs":["http:\/\/cabinetosmose.com"],"url":"https:\/\/cabinetosmose.com\/index.php\/author\/s-briot\/"}]}},"_links":{"self":[{"href":"https:\/\/cabinetosmose.com\/index.php\/wp-json\/wp\/v2\/pages\/3506","targetHints":{"allow":["GET"]}}],"collection":[{"href":"https:\/\/cabinetosmose.com\/index.php\/wp-json\/wp\/v2\/pages"}],"about":[{"href":"https:\/\/cabinetosmose.com\/index.php\/wp-json\/wp\/v2\/types\/page"}],"author":[{"embeddable":true,"href":"https:\/\/cabinetosmose.com\/index.php\/wp-json\/wp\/v2\/users\/2"}],"replies":[{"embeddable":true,"href":"https:\/\/cabinetosmose.com\/index.php\/wp-json\/wp\/v2\/comments?post=3506"}],"version-history":[{"count":10,"href":"https:\/\/cabinetosmose.com\/index.php\/wp-json\/wp\/v2\/pages\/3506\/revisions"}],"predecessor-version":[{"id":3630,"href":"https:\/\/cabinetosmose.com\/index.php\/wp-json\/wp\/v2\/pages\/3506\/revisions\/3630"}],"wp:attachment":[{"href":"https:\/\/cabinetosmose.com\/index.php\/wp-json\/wp\/v2\/media?parent=3506"}],"curies":[{"name":"wp","href":"https:\/\/api.w.org\/{rel}","templated":true}]}}