{"id":638,"date":"2021-07-25T13:38:38","date_gmt":"2021-07-25T11:38:38","guid":{"rendered":"http:\/\/cabinetosmose.com\/?page_id=638"},"modified":"2022-04-05T09:59:26","modified_gmt":"2022-04-05T07:59:26","slug":"sophrologie-et-cancer","status":"publish","type":"page","link":"https:\/\/cabinetosmose.com\/index.php\/sophrologie-et-cancer\/","title":{"rendered":"SOPHROLOGIE ET CANCER"},"content":{"rendered":"\n<div class=\"wp-block-media-text alignwide is-stacked-on-mobile is-image-fill eplus-amGpMX\"><figure class=\"wp-block-media-text__media\" style=\"background-image:url(https:\/\/cabinetosmose.com\/wp-content\/uploads\/2021\/08\/cancer-image-2-724x1024.png);background-position:50% 50%\"><img loading=\"lazy\" decoding=\"async\" width=\"724\" height=\"1024\" src=\"https:\/\/cabinetosmose.com\/wp-content\/uploads\/2021\/08\/cancer-image-2-724x1024.png\" alt=\"\" class=\"wp-image-1255 size-full\" srcset=\"https:\/\/cabinetosmose.com\/wp-content\/uploads\/2021\/08\/cancer-image-2-724x1024.png 724w, https:\/\/cabinetosmose.com\/wp-content\/uploads\/2021\/08\/cancer-image-2-212x300.png 212w, https:\/\/cabinetosmose.com\/wp-content\/uploads\/2021\/08\/cancer-image-2-768x1086.png 768w, https:\/\/cabinetosmose.com\/wp-content\/uploads\/2021\/08\/cancer-image-2-1086x1536.png 1086w, https:\/\/cabinetosmose.com\/wp-content\/uploads\/2021\/08\/cancer-image-2-500x707.png 500w, https:\/\/cabinetosmose.com\/wp-content\/uploads\/2021\/08\/cancer-image-2-800x1132.png 800w, https:\/\/cabinetosmose.com\/wp-content\/uploads\/2021\/08\/cancer-image-2-1280x1810.png 1280w, https:\/\/cabinetosmose.com\/wp-content\/uploads\/2021\/08\/cancer-image-2.png 1414w\" sizes=\"auto, (max-width: 724px) 100vw, 724px\" \/><\/figure><div class=\"wp-block-media-text__content\">\n<p class=\"eplus-q2NlOF has-medium-font-size\">\u00catre confront\u00e9 \u00e0 un cancer est un bouleversement tout autant physique que psychologique. L&rsquo;optimisme, la confiance en soi, les relations avec le personnel m\u00e9dical et l&rsquo;entourage, l&rsquo;image corporelle  sont mis \u00e0 rude \u00e9preuve. <\/p>\n\n\n\n<p class=\"eplus-xuJnyw has-medium-font-size\">Propos\u00e9e en accompagnement des traitements m\u00e9dicaux (radioth\u00e9rapie, chimioth\u00e9rapie, immunoth\u00e9rapie, chirurgie) et en relation avec l&rsquo;\u00e9quipe m\u00e9dicale, la sophrologie permet:<\/p>\n\n\n<ul class=\"eplus-xRJ2BA has-text-color has-medium-font-size wp-block-list eplus-styles-uid-cb9585\" style=\"color:#b74f46\"><li>d&rsquo;\u00eatre accompagn\u00e9 et \u00e9cout\u00e9 apr\u00e8s l&rsquo;annonce de sa maladie<\/li><li>d&rsquo;acqu\u00e9rir des outils et techniques pour g\u00e9rer le stress g\u00e9n\u00e9r\u00e9 par l&rsquo;annonce et les traitements<\/li><li>d&rsquo;apprendre \u00e0 bien respirer en toutes circonstances<\/li><li>de soulager la douleur physique et psychologique<\/li><li>de mieux accepter les traitements<\/li><li>de se pr\u00e9parer mentalement \u00e0 un acte chirurgical<\/li><li>de mieux g\u00e9rer les effets collat\u00e9raux: anxi\u00e9t\u00e9, insomnie, d\u00e9sespoir, isolement&#8230;<\/li><li>d&rsquo;apprendre \u00e0 g\u00e9rer ses \u00e9motions<\/li><li>de renforcer son optimisme<\/li><li>de porter un regard bienveillant sur son corps<\/li><li>de renforcer la confiance en soi<\/li><li>de faciliter la communication avec ses proches<\/li><li>de poursuivre pleinement et sereinement sa vie apr\u00e8s la maladie<\/li><\/ul><\/div><\/div>\n","protected":false},"excerpt":{"rendered":"<p>\u00catre confront\u00e9 \u00e0 un cancer est un bouleversement tout autant physique que psychologique. L&rsquo;optimisme, la confiance en soi, les relations avec le personnel m\u00e9dical et l&rsquo;entourage, l&rsquo;image corporelle sont mis \u00e0 rude \u00e9preuve. Propos\u00e9e en accompagnement des traitements m\u00e9dicaux (radioth\u00e9rapie, chimioth\u00e9rapie, immunoth\u00e9rapie, chirurgie) et en relation avec l&rsquo;\u00e9quipe m\u00e9dicale, la sophrologie permet: d&rsquo;\u00eatre accompagn\u00e9 et <a class=\"read-more\" href=\"https:\/\/cabinetosmose.com\/index.php\/sophrologie-et-cancer\/\">READ MORE<\/a><\/p>\n","protected":false},"author":2,"featured_media":0,"parent":0,"menu_order":0,"comment_status":"closed","ping_status":"closed","template":"template-gutenberg.php","meta":{"editor_plus_copied_stylings":"{}","_mi_skip_tracking":false,"_monsterinsights_sitenote_active":false,"_monsterinsights_sitenote_note":"","_monsterinsights_sitenote_category":0,"footnotes":""},"class_list":["post-638","page","type-page","status-publish","hentry"],"yoast_head":"<!-- This site is optimized with the Yoast SEO plugin v21.4 - https:\/\/yoast.com\/wordpress\/plugins\/seo\/ -->\n<title>SOPHROLOGIE ET CANCER - Sandrine Briot - Cabinet Osmose<\/title>\n<meta name=\"description\" content=\"Sandrine Briot - Cabinet Osmose SOPHROLOGIE ET CANCER\" \/>\n<meta name=\"robots\" content=\"index, follow, max-snippet:-1, max-image-preview:large, max-video-preview:-1\" \/>\n<link rel=\"canonical\" href=\"https:\/\/cabinetosmose.com\/index.php\/sophrologie-et-cancer\/\" \/>\n<meta property=\"og:locale\" content=\"fr_FR\" \/>\n<meta property=\"og:type\" content=\"article\" \/>\n<meta property=\"og:title\" content=\"SOPHROLOGIE ET CANCER - Sandrine Briot - Cabinet Osmose\" \/>\n<meta property=\"og:description\" content=\"Sandrine Briot - Cabinet Osmose SOPHROLOGIE ET CANCER\" \/>\n<meta property=\"og:url\" content=\"https:\/\/cabinetosmose.com\/index.php\/sophrologie-et-cancer\/\" \/>\n<meta property=\"og:site_name\" content=\"Sandrine Briot - Cabinet Osmose\" \/>\n<meta property=\"article:publisher\" content=\"https:\/\/www.facebook.com\/profile.php?id=100070860880540\" \/>\n<meta property=\"article:modified_time\" content=\"2022-04-05T07:59:26+00:00\" \/>\n<meta property=\"og:image\" content=\"http:\/\/cabinetosmose.com\/wp-content\/uploads\/2021\/08\/cancer-image-2-724x1024.png\" \/>\n<meta name=\"twitter:card\" content=\"summary_large_image\" \/>\n<meta name=\"twitter:label1\" content=\"Dur\u00e9e de lecture estim\u00e9e\" \/>\n\t<meta name=\"twitter:data1\" content=\"1 minute\" \/>\n<script type=\"application\/ld+json\" class=\"yoast-schema-graph\">{\"@context\":\"https:\/\/schema.org\",\"@graph\":[{\"@type\":\"WebPage\",\"@id\":\"https:\/\/cabinetosmose.com\/index.php\/sophrologie-et-cancer\/\",\"url\":\"https:\/\/cabinetosmose.com\/index.php\/sophrologie-et-cancer\/\",\"name\":\"SOPHROLOGIE ET CANCER - Sandrine Briot - Cabinet Osmose\",\"isPartOf\":{\"@id\":\"https:\/\/cabinetosmose.com\/#website\"},\"datePublished\":\"2021-07-25T11:38:38+00:00\",\"dateModified\":\"2022-04-05T07:59:26+00:00\",\"description\":\"Sandrine Briot - Cabinet Osmose SOPHROLOGIE ET CANCER\",\"breadcrumb\":{\"@id\":\"https:\/\/cabinetosmose.com\/index.php\/sophrologie-et-cancer\/#breadcrumb\"},\"inLanguage\":\"fr-FR\",\"potentialAction\":[{\"@type\":\"ReadAction\",\"target\":[\"https:\/\/cabinetosmose.com\/index.php\/sophrologie-et-cancer\/\"]}]},{\"@type\":\"BreadcrumbList\",\"@id\":\"https:\/\/cabinetosmose.com\/index.php\/sophrologie-et-cancer\/#breadcrumb\",\"itemListElement\":[{\"@type\":\"ListItem\",\"position\":1,\"name\":\"Accueil\",\"item\":\"https:\/\/cabinetosmose.com\/\"},{\"@type\":\"ListItem\",\"position\":2,\"name\":\"SOPHROLOGIE ET CANCER\"}]},{\"@type\":\"WebSite\",\"@id\":\"https:\/\/cabinetosmose.com\/#website\",\"url\":\"https:\/\/cabinetosmose.com\/\",\"name\":\"Sandrine Briot - Cabinet Osmose\",\"description\":\"Sophrologue Certifi\u00e9e RNCP (Sp\u00e9cialis\u00e9e en Canc\u00e9rologie)- R\u00e9flexologue- Naturopathe Certifi\u00e9e- Conf\u00e9renci\u00e8re Fran\u00e7ais\/Anglais -EI\",\"publisher\":{\"@id\":\"https:\/\/cabinetosmose.com\/#organization\"},\"alternateName\":\"Sophrologue - Naturopathe - Reflexologue\",\"potentialAction\":[{\"@type\":\"SearchAction\",\"target\":{\"@type\":\"EntryPoint\",\"urlTemplate\":\"https:\/\/cabinetosmose.com\/?s={search_term_string}\"},\"query-input\":\"required name=search_term_string\"}],\"inLanguage\":\"fr-FR\"},{\"@type\":\"Organization\",\"@id\":\"https:\/\/cabinetosmose.com\/#organization\",\"name\":\"Sandrine Briot - Cabinet Osmose\",\"alternateName\":\"Sophrologue - Naturopathe - Reflexologue\",\"url\":\"https:\/\/cabinetosmose.com\/\",\"logo\":{\"@type\":\"ImageObject\",\"inLanguage\":\"fr-FR\",\"@id\":\"https:\/\/cabinetosmose.com\/#\/schema\/logo\/image\/\",\"url\":\"https:\/\/cabinetosmose.com\/wp-content\/uploads\/2023\/09\/logo-osmose.jpg\",\"contentUrl\":\"https:\/\/cabinetosmose.com\/wp-content\/uploads\/2023\/09\/logo-osmose.jpg\",\"width\":696,\"height\":696,\"caption\":\"Sandrine Briot - Cabinet Osmose\"},\"image\":{\"@id\":\"https:\/\/cabinetosmose.com\/#\/schema\/logo\/image\/\"},\"sameAs\":[\"https:\/\/www.facebook.com\/profile.php?id=100070860880540\",\"https:\/\/www.instagram.com\/cabinetosmose_sandrinebriot\/\",\"https:\/\/www.linkedin.com\/in\/sandrine-briot-a419b5bb\/\"]}]}<\/script>\n<!-- \/ Yoast SEO plugin. -->","yoast_head_json":{"title":"SOPHROLOGIE ET CANCER - Sandrine Briot - Cabinet Osmose","description":"Sandrine Briot - Cabinet Osmose SOPHROLOGIE ET CANCER","robots":{"index":"index","follow":"follow","max-snippet":"max-snippet:-1","max-image-preview":"max-image-preview:large","max-video-preview":"max-video-preview:-1"},"canonical":"https:\/\/cabinetosmose.com\/index.php\/sophrologie-et-cancer\/","og_locale":"fr_FR","og_type":"article","og_title":"SOPHROLOGIE ET CANCER - Sandrine Briot - Cabinet Osmose","og_description":"Sandrine Briot - Cabinet Osmose SOPHROLOGIE ET CANCER","og_url":"https:\/\/cabinetosmose.com\/index.php\/sophrologie-et-cancer\/","og_site_name":"Sandrine Briot - Cabinet Osmose","article_publisher":"https:\/\/www.facebook.com\/profile.php?id=100070860880540","article_modified_time":"2022-04-05T07:59:26+00:00","og_image":[{"url":"http:\/\/cabinetosmose.com\/wp-content\/uploads\/2021\/08\/cancer-image-2-724x1024.png"}],"twitter_card":"summary_large_image","twitter_misc":{"Dur\u00e9e de lecture estim\u00e9e":"1 minute"},"schema":{"@context":"https:\/\/schema.org","@graph":[{"@type":"WebPage","@id":"https:\/\/cabinetosmose.com\/index.php\/sophrologie-et-cancer\/","url":"https:\/\/cabinetosmose.com\/index.php\/sophrologie-et-cancer\/","name":"SOPHROLOGIE ET CANCER - Sandrine Briot - Cabinet Osmose","isPartOf":{"@id":"https:\/\/cabinetosmose.com\/#website"},"datePublished":"2021-07-25T11:38:38+00:00","dateModified":"2022-04-05T07:59:26+00:00","description":"Sandrine Briot - Cabinet Osmose SOPHROLOGIE ET CANCER","breadcrumb":{"@id":"https:\/\/cabinetosmose.com\/index.php\/sophrologie-et-cancer\/#breadcrumb"},"inLanguage":"fr-FR","potentialAction":[{"@type":"ReadAction","target":["https:\/\/cabinetosmose.com\/index.php\/sophrologie-et-cancer\/"]}]},{"@type":"BreadcrumbList","@id":"https:\/\/cabinetosmose.com\/index.php\/sophrologie-et-cancer\/#breadcrumb","itemListElement":[{"@type":"ListItem","position":1,"name":"Accueil","item":"https:\/\/cabinetosmose.com\/"},{"@type":"ListItem","position":2,"name":"SOPHROLOGIE ET CANCER"}]},{"@type":"WebSite","@id":"https:\/\/cabinetosmose.com\/#website","url":"https:\/\/cabinetosmose.com\/","name":"Sandrine Briot - Cabinet Osmose","description":"Sophrologue Certifi\u00e9e RNCP (Sp\u00e9cialis\u00e9e en Canc\u00e9rologie)- R\u00e9flexologue- Naturopathe Certifi\u00e9e- Conf\u00e9renci\u00e8re Fran\u00e7ais\/Anglais -EI","publisher":{"@id":"https:\/\/cabinetosmose.com\/#organization"},"alternateName":"Sophrologue - Naturopathe - Reflexologue","potentialAction":[{"@type":"SearchAction","target":{"@type":"EntryPoint","urlTemplate":"https:\/\/cabinetosmose.com\/?s={search_term_string}"},"query-input":"required name=search_term_string"}],"inLanguage":"fr-FR"},{"@type":"Organization","@id":"https:\/\/cabinetosmose.com\/#organization","name":"Sandrine Briot - Cabinet Osmose","alternateName":"Sophrologue - Naturopathe - Reflexologue","url":"https:\/\/cabinetosmose.com\/","logo":{"@type":"ImageObject","inLanguage":"fr-FR","@id":"https:\/\/cabinetosmose.com\/#\/schema\/logo\/image\/","url":"https:\/\/cabinetosmose.com\/wp-content\/uploads\/2023\/09\/logo-osmose.jpg","contentUrl":"https:\/\/cabinetosmose.com\/wp-content\/uploads\/2023\/09\/logo-osmose.jpg","width":696,"height":696,"caption":"Sandrine Briot - Cabinet Osmose"},"image":{"@id":"https:\/\/cabinetosmose.com\/#\/schema\/logo\/image\/"},"sameAs":["https:\/\/www.facebook.com\/profile.php?id=100070860880540","https:\/\/www.instagram.com\/cabinetosmose_sandrinebriot\/","https:\/\/www.linkedin.com\/in\/sandrine-briot-a419b5bb\/"]}]}},"_links":{"self":[{"href":"https:\/\/cabinetosmose.com\/index.php\/wp-json\/wp\/v2\/pages\/638","targetHints":{"allow":["GET"]}}],"collection":[{"href":"https:\/\/cabinetosmose.com\/index.php\/wp-json\/wp\/v2\/pages"}],"about":[{"href":"https:\/\/cabinetosmose.com\/index.php\/wp-json\/wp\/v2\/types\/page"}],"author":[{"embeddable":true,"href":"https:\/\/cabinetosmose.com\/index.php\/wp-json\/wp\/v2\/users\/2"}],"replies":[{"embeddable":true,"href":"https:\/\/cabinetosmose.com\/index.php\/wp-json\/wp\/v2\/comments?post=638"}],"version-history":[{"count":15,"href":"https:\/\/cabinetosmose.com\/index.php\/wp-json\/wp\/v2\/pages\/638\/revisions"}],"predecessor-version":[{"id":1699,"href":"https:\/\/cabinetosmose.com\/index.php\/wp-json\/wp\/v2\/pages\/638\/revisions\/1699"}],"wp:attachment":[{"href":"https:\/\/cabinetosmose.com\/index.php\/wp-json\/wp\/v2\/media?parent=638"}],"curies":[{"name":"wp","href":"https:\/\/api.w.org\/{rel}","templated":true}]}}