{"id":933,"date":"2021-08-02T10:25:52","date_gmt":"2021-08-02T08:25:52","guid":{"rendered":"http:\/\/cabinetosmose.com\/?page_id=933"},"modified":"2023-01-02T08:54:28","modified_gmt":"2023-01-02T07:54:28","slug":"tarifs-2","status":"publish","type":"page","link":"https:\/\/cabinetosmose.com\/index.php\/tarifs-2\/","title":{"rendered":"TARIFS"},"content":{"rendered":"<div class=\"eplus-gVrbuN wp-block-columns eplus-wrapper is-layout-flex wp-container-core-columns-is-layout-9d6595d7 wp-block-columns-is-layout-flex eplus-styles-uid-ce22ad\"><div class=\"eplus-hHVBFk wp-block-column eplus-wrapper is-layout-flow wp-block-column-is-layout-flow eplus-styles-uid-2c41fb\" style=\"flex-basis:33.34%\">\n<figure class=\"is-style-default eplus-Jv9vbJ wp-block-image size-large eplus-wrapper\"><a href=\"https:\/\/cabinetosmose.com\/index.php\/sophrologie-3\/\"><img loading=\"lazy\" decoding=\"async\" width=\"724\" height=\"1024\" src=\"https:\/\/cabinetosmose.com\/wp-content\/uploads\/2021\/08\/tarifs-1-724x1024.png\" alt=\"\" class=\"wp-image-1258\" srcset=\"https:\/\/cabinetosmose.com\/wp-content\/uploads\/2021\/08\/tarifs-1-724x1024.png 724w, https:\/\/cabinetosmose.com\/wp-content\/uploads\/2021\/08\/tarifs-1-212x300.png 212w, https:\/\/cabinetosmose.com\/wp-content\/uploads\/2021\/08\/tarifs-1-768x1086.png 768w, https:\/\/cabinetosmose.com\/wp-content\/uploads\/2021\/08\/tarifs-1-1086x1536.png 1086w, https:\/\/cabinetosmose.com\/wp-content\/uploads\/2021\/08\/tarifs-1-500x707.png 500w, https:\/\/cabinetosmose.com\/wp-content\/uploads\/2021\/08\/tarifs-1-800x1132.png 800w, https:\/\/cabinetosmose.com\/wp-content\/uploads\/2021\/08\/tarifs-1-1280x1810.png 1280w, https:\/\/cabinetosmose.com\/wp-content\/uploads\/2021\/08\/tarifs-1.png 1414w\" sizes=\"auto, (max-width: 724px) 100vw, 724px\" \/><\/a><\/figure><\/div>\n\n<div class=\"eplus-VD3u8m wp-block-column eplus-wrapper is-layout-flow wp-block-column-is-layout-flow eplus-styles-uid-2c41fb\" style=\"flex-basis:33.34%\">\n<figure class=\"is-style-default eplus-u6svBf wp-block-image size-large eplus-wrapper\"><a href=\"https:\/\/cabinetosmose.com\/index.php\/naturopathie-2\/\"><img loading=\"lazy\" decoding=\"async\" width=\"724\" height=\"1024\" src=\"https:\/\/cabinetosmose.com\/wp-content\/uploads\/2021\/08\/Tarifs-2-724x1024.png\" alt=\"\" class=\"wp-image-1259\" srcset=\"https:\/\/cabinetosmose.com\/wp-content\/uploads\/2021\/08\/Tarifs-2-724x1024.png 724w, https:\/\/cabinetosmose.com\/wp-content\/uploads\/2021\/08\/Tarifs-2-212x300.png 212w, https:\/\/cabinetosmose.com\/wp-content\/uploads\/2021\/08\/Tarifs-2-768x1086.png 768w, https:\/\/cabinetosmose.com\/wp-content\/uploads\/2021\/08\/Tarifs-2-1086x1536.png 1086w, https:\/\/cabinetosmose.com\/wp-content\/uploads\/2021\/08\/Tarifs-2-500x707.png 500w, https:\/\/cabinetosmose.com\/wp-content\/uploads\/2021\/08\/Tarifs-2-800x1132.png 800w, https:\/\/cabinetosmose.com\/wp-content\/uploads\/2021\/08\/Tarifs-2-1280x1810.png 1280w, https:\/\/cabinetosmose.com\/wp-content\/uploads\/2021\/08\/Tarifs-2.png 1414w\" sizes=\"auto, (max-width: 724px) 100vw, 724px\" \/><\/a><\/figure><\/div>\n\n<div class=\"eplus-oFNHMf wp-block-column eplus-wrapper is-layout-flow wp-block-column-is-layout-flow eplus-styles-uid-2c41fb\" style=\"flex-basis:33.33%\">\n<figure class=\"is-style-default eplus-I6uLrH wp-block-image size-large eplus-wrapper\"><a href=\"https:\/\/cabinetosmose.com\/index.php\/reflexologie-3\/\"><img loading=\"lazy\" decoding=\"async\" width=\"724\" height=\"1024\" src=\"https:\/\/cabinetosmose.com\/wp-content\/uploads\/2023\/01\/Tarifs-3-724x1024.jpg\" alt=\"\" class=\"wp-image-3286\" srcset=\"https:\/\/cabinetosmose.com\/wp-content\/uploads\/2023\/01\/Tarifs-3-724x1024.jpg 724w, https:\/\/cabinetosmose.com\/wp-content\/uploads\/2023\/01\/Tarifs-3-212x300.jpg 212w, https:\/\/cabinetosmose.com\/wp-content\/uploads\/2023\/01\/Tarifs-3-768x1086.jpg 768w, https:\/\/cabinetosmose.com\/wp-content\/uploads\/2023\/01\/Tarifs-3-1086x1536.jpg 1086w, https:\/\/cabinetosmose.com\/wp-content\/uploads\/2023\/01\/Tarifs-3-500x707.jpg 500w, https:\/\/cabinetosmose.com\/wp-content\/uploads\/2023\/01\/Tarifs-3-800x1132.jpg 800w, https:\/\/cabinetosmose.com\/wp-content\/uploads\/2023\/01\/Tarifs-3-1280x1810.jpg 1280w, https:\/\/cabinetosmose.com\/wp-content\/uploads\/2023\/01\/Tarifs-3.jpg 1414w\" sizes=\"auto, (max-width: 724px) 100vw, 724px\" \/><\/a><\/figure><\/div><\/div>","protected":false},"excerpt":{"rendered":"","protected":false},"author":2,"featured_media":0,"parent":0,"menu_order":0,"comment_status":"closed","ping_status":"closed","template":"template-gutenberg.php","meta":{"editor_plus_copied_stylings":"{}","_mi_skip_tracking":false,"_monsterinsights_sitenote_active":false,"_monsterinsights_sitenote_note":"","_monsterinsights_sitenote_category":0,"footnotes":""},"class_list":["post-933","page","type-page","status-publish","hentry"],"yoast_head":"<!-- This site is optimized with the Yoast SEO plugin v21.4 - https:\/\/yoast.com\/wordpress\/plugins\/seo\/ -->\n<title>TARIFS - Sandrine Briot - Cabinet Osmose<\/title>\n<meta name=\"description\" content=\"Sandrine Briot - Cabinet Osmose TARIFS\" \/>\n<meta name=\"robots\" content=\"index, follow, max-snippet:-1, max-image-preview:large, max-video-preview:-1\" \/>\n<link rel=\"canonical\" href=\"https:\/\/cabinetosmose.com\/index.php\/tarifs-2\/\" \/>\n<meta property=\"og:locale\" content=\"fr_FR\" \/>\n<meta property=\"og:type\" content=\"article\" \/>\n<meta property=\"og:title\" content=\"TARIFS - Sandrine Briot - Cabinet Osmose\" \/>\n<meta property=\"og:description\" content=\"Sandrine Briot - Cabinet Osmose TARIFS\" \/>\n<meta property=\"og:url\" content=\"https:\/\/cabinetosmose.com\/index.php\/tarifs-2\/\" \/>\n<meta property=\"og:site_name\" content=\"Sandrine Briot - Cabinet Osmose\" \/>\n<meta property=\"article:publisher\" content=\"https:\/\/www.facebook.com\/profile.php?id=100070860880540\" \/>\n<meta property=\"article:modified_time\" content=\"2023-01-02T07:54:28+00:00\" \/>\n<meta property=\"og:image\" content=\"http:\/\/cabinetosmose.com\/wp-content\/uploads\/2021\/08\/tarifs-1-724x1024.png\" \/>\n<meta name=\"twitter:card\" content=\"summary_large_image\" \/>\n<meta name=\"twitter:label1\" content=\"Dur\u00e9e de lecture estim\u00e9e\" \/>\n\t<meta name=\"twitter:data1\" content=\"1 minute\" \/>\n<script type=\"application\/ld+json\" class=\"yoast-schema-graph\">{\"@context\":\"https:\/\/schema.org\",\"@graph\":[{\"@type\":\"WebPage\",\"@id\":\"https:\/\/cabinetosmose.com\/index.php\/tarifs-2\/\",\"url\":\"https:\/\/cabinetosmose.com\/index.php\/tarifs-2\/\",\"name\":\"TARIFS - Sandrine Briot - Cabinet Osmose\",\"isPartOf\":{\"@id\":\"https:\/\/cabinetosmose.com\/#website\"},\"datePublished\":\"2021-08-02T08:25:52+00:00\",\"dateModified\":\"2023-01-02T07:54:28+00:00\",\"description\":\"Sandrine Briot - Cabinet Osmose TARIFS\",\"breadcrumb\":{\"@id\":\"https:\/\/cabinetosmose.com\/index.php\/tarifs-2\/#breadcrumb\"},\"inLanguage\":\"fr-FR\",\"potentialAction\":[{\"@type\":\"ReadAction\",\"target\":[\"https:\/\/cabinetosmose.com\/index.php\/tarifs-2\/\"]}]},{\"@type\":\"BreadcrumbList\",\"@id\":\"https:\/\/cabinetosmose.com\/index.php\/tarifs-2\/#breadcrumb\",\"itemListElement\":[{\"@type\":\"ListItem\",\"position\":1,\"name\":\"Accueil\",\"item\":\"https:\/\/cabinetosmose.com\/\"},{\"@type\":\"ListItem\",\"position\":2,\"name\":\"TARIFS\"}]},{\"@type\":\"WebSite\",\"@id\":\"https:\/\/cabinetosmose.com\/#website\",\"url\":\"https:\/\/cabinetosmose.com\/\",\"name\":\"Sandrine Briot - Cabinet Osmose\",\"description\":\"Sophrologue Certifi\u00e9e RNCP (Sp\u00e9cialis\u00e9e en Canc\u00e9rologie)- R\u00e9flexologue- Naturopathe Certifi\u00e9e- Conf\u00e9renci\u00e8re Fran\u00e7ais\/Anglais -EI\",\"publisher\":{\"@id\":\"https:\/\/cabinetosmose.com\/#organization\"},\"alternateName\":\"Sophrologue - Naturopathe - Reflexologue\",\"potentialAction\":[{\"@type\":\"SearchAction\",\"target\":{\"@type\":\"EntryPoint\",\"urlTemplate\":\"https:\/\/cabinetosmose.com\/?s={search_term_string}\"},\"query-input\":\"required name=search_term_string\"}],\"inLanguage\":\"fr-FR\"},{\"@type\":\"Organization\",\"@id\":\"https:\/\/cabinetosmose.com\/#organization\",\"name\":\"Sandrine Briot - Cabinet Osmose\",\"alternateName\":\"Sophrologue - Naturopathe - Reflexologue\",\"url\":\"https:\/\/cabinetosmose.com\/\",\"logo\":{\"@type\":\"ImageObject\",\"inLanguage\":\"fr-FR\",\"@id\":\"https:\/\/cabinetosmose.com\/#\/schema\/logo\/image\/\",\"url\":\"https:\/\/cabinetosmose.com\/wp-content\/uploads\/2023\/09\/logo-osmose.jpg\",\"contentUrl\":\"https:\/\/cabinetosmose.com\/wp-content\/uploads\/2023\/09\/logo-osmose.jpg\",\"width\":696,\"height\":696,\"caption\":\"Sandrine Briot - Cabinet Osmose\"},\"image\":{\"@id\":\"https:\/\/cabinetosmose.com\/#\/schema\/logo\/image\/\"},\"sameAs\":[\"https:\/\/www.facebook.com\/profile.php?id=100070860880540\",\"https:\/\/www.instagram.com\/cabinetosmose_sandrinebriot\/\",\"https:\/\/www.linkedin.com\/in\/sandrine-briot-a419b5bb\/\"]}]}<\/script>\n<!-- \/ Yoast SEO plugin. -->","yoast_head_json":{"title":"TARIFS - Sandrine Briot - Cabinet Osmose","description":"Sandrine Briot - Cabinet Osmose TARIFS","robots":{"index":"index","follow":"follow","max-snippet":"max-snippet:-1","max-image-preview":"max-image-preview:large","max-video-preview":"max-video-preview:-1"},"canonical":"https:\/\/cabinetosmose.com\/index.php\/tarifs-2\/","og_locale":"fr_FR","og_type":"article","og_title":"TARIFS - Sandrine Briot - Cabinet Osmose","og_description":"Sandrine Briot - Cabinet Osmose TARIFS","og_url":"https:\/\/cabinetosmose.com\/index.php\/tarifs-2\/","og_site_name":"Sandrine Briot - Cabinet Osmose","article_publisher":"https:\/\/www.facebook.com\/profile.php?id=100070860880540","article_modified_time":"2023-01-02T07:54:28+00:00","og_image":[{"url":"http:\/\/cabinetosmose.com\/wp-content\/uploads\/2021\/08\/tarifs-1-724x1024.png"}],"twitter_card":"summary_large_image","twitter_misc":{"Dur\u00e9e de lecture estim\u00e9e":"1 minute"},"schema":{"@context":"https:\/\/schema.org","@graph":[{"@type":"WebPage","@id":"https:\/\/cabinetosmose.com\/index.php\/tarifs-2\/","url":"https:\/\/cabinetosmose.com\/index.php\/tarifs-2\/","name":"TARIFS - Sandrine Briot - Cabinet Osmose","isPartOf":{"@id":"https:\/\/cabinetosmose.com\/#website"},"datePublished":"2021-08-02T08:25:52+00:00","dateModified":"2023-01-02T07:54:28+00:00","description":"Sandrine Briot - Cabinet Osmose TARIFS","breadcrumb":{"@id":"https:\/\/cabinetosmose.com\/index.php\/tarifs-2\/#breadcrumb"},"inLanguage":"fr-FR","potentialAction":[{"@type":"ReadAction","target":["https:\/\/cabinetosmose.com\/index.php\/tarifs-2\/"]}]},{"@type":"BreadcrumbList","@id":"https:\/\/cabinetosmose.com\/index.php\/tarifs-2\/#breadcrumb","itemListElement":[{"@type":"ListItem","position":1,"name":"Accueil","item":"https:\/\/cabinetosmose.com\/"},{"@type":"ListItem","position":2,"name":"TARIFS"}]},{"@type":"WebSite","@id":"https:\/\/cabinetosmose.com\/#website","url":"https:\/\/cabinetosmose.com\/","name":"Sandrine Briot - Cabinet Osmose","description":"Sophrologue Certifi\u00e9e RNCP (Sp\u00e9cialis\u00e9e en Canc\u00e9rologie)- R\u00e9flexologue- Naturopathe Certifi\u00e9e- Conf\u00e9renci\u00e8re Fran\u00e7ais\/Anglais -EI","publisher":{"@id":"https:\/\/cabinetosmose.com\/#organization"},"alternateName":"Sophrologue - Naturopathe - Reflexologue","potentialAction":[{"@type":"SearchAction","target":{"@type":"EntryPoint","urlTemplate":"https:\/\/cabinetosmose.com\/?s={search_term_string}"},"query-input":"required name=search_term_string"}],"inLanguage":"fr-FR"},{"@type":"Organization","@id":"https:\/\/cabinetosmose.com\/#organization","name":"Sandrine Briot - Cabinet Osmose","alternateName":"Sophrologue - Naturopathe - Reflexologue","url":"https:\/\/cabinetosmose.com\/","logo":{"@type":"ImageObject","inLanguage":"fr-FR","@id":"https:\/\/cabinetosmose.com\/#\/schema\/logo\/image\/","url":"https:\/\/cabinetosmose.com\/wp-content\/uploads\/2023\/09\/logo-osmose.jpg","contentUrl":"https:\/\/cabinetosmose.com\/wp-content\/uploads\/2023\/09\/logo-osmose.jpg","width":696,"height":696,"caption":"Sandrine Briot - Cabinet Osmose"},"image":{"@id":"https:\/\/cabinetosmose.com\/#\/schema\/logo\/image\/"},"sameAs":["https:\/\/www.facebook.com\/profile.php?id=100070860880540","https:\/\/www.instagram.com\/cabinetosmose_sandrinebriot\/","https:\/\/www.linkedin.com\/in\/sandrine-briot-a419b5bb\/"]}]}},"_links":{"self":[{"href":"https:\/\/cabinetosmose.com\/index.php\/wp-json\/wp\/v2\/pages\/933","targetHints":{"allow":["GET"]}}],"collection":[{"href":"https:\/\/cabinetosmose.com\/index.php\/wp-json\/wp\/v2\/pages"}],"about":[{"href":"https:\/\/cabinetosmose.com\/index.php\/wp-json\/wp\/v2\/types\/page"}],"author":[{"embeddable":true,"href":"https:\/\/cabinetosmose.com\/index.php\/wp-json\/wp\/v2\/users\/2"}],"replies":[{"embeddable":true,"href":"https:\/\/cabinetosmose.com\/index.php\/wp-json\/wp\/v2\/comments?post=933"}],"version-history":[{"count":6,"href":"https:\/\/cabinetosmose.com\/index.php\/wp-json\/wp\/v2\/pages\/933\/revisions"}],"predecessor-version":[{"id":3289,"href":"https:\/\/cabinetosmose.com\/index.php\/wp-json\/wp\/v2\/pages\/933\/revisions\/3289"}],"wp:attachment":[{"href":"https:\/\/cabinetosmose.com\/index.php\/wp-json\/wp\/v2\/media?parent=933"}],"curies":[{"name":"wp","href":"https:\/\/api.w.org\/{rel}","templated":true}]}}