{"id":946,"date":"2021-08-02T10:50:23","date_gmt":"2021-08-02T08:50:23","guid":{"rendered":"http:\/\/cabinetosmose.com\/?page_id=946"},"modified":"2025-02-10T16:23:22","modified_gmt":"2025-02-10T15:23:22","slug":"reflexologie-3","status":"publish","type":"page","link":"https:\/\/cabinetosmose.com\/index.php\/reflexologie-3\/","title":{"rendered":"R\u00c9FLEXOLOGIE  &#038; MODELAGES"},"content":{"rendered":"\n<figure class=\"eplus-1M9t0l wp-block-image size-large eplus-wrapper\"><img loading=\"lazy\" decoding=\"async\" width=\"1024\" height=\"576\" src=\"https:\/\/cabinetosmose.com\/wp-content\/uploads\/2025\/02\/tarifs-reflexo-1-1024x576.png\" alt=\"\" class=\"wp-image-3789\" srcset=\"https:\/\/cabinetosmose.com\/wp-content\/uploads\/2025\/02\/tarifs-reflexo-1-1024x576.png 1024w, https:\/\/cabinetosmose.com\/wp-content\/uploads\/2025\/02\/tarifs-reflexo-1-300x169.png 300w, https:\/\/cabinetosmose.com\/wp-content\/uploads\/2025\/02\/tarifs-reflexo-1-768x432.png 768w, https:\/\/cabinetosmose.com\/wp-content\/uploads\/2025\/02\/tarifs-reflexo-1-1536x864.png 1536w, https:\/\/cabinetosmose.com\/wp-content\/uploads\/2025\/02\/tarifs-reflexo-1-500x281.png 500w, https:\/\/cabinetosmose.com\/wp-content\/uploads\/2025\/02\/tarifs-reflexo-1-800x450.png 800w, https:\/\/cabinetosmose.com\/wp-content\/uploads\/2025\/02\/tarifs-reflexo-1-1280x720.png 1280w, https:\/\/cabinetosmose.com\/wp-content\/uploads\/2025\/02\/tarifs-reflexo-1.png 1920w\" sizes=\"auto, (max-width: 1024px) 100vw, 1024px\" \/><\/figure>\n","protected":false},"excerpt":{"rendered":"","protected":false},"author":2,"featured_media":0,"parent":0,"menu_order":0,"comment_status":"closed","ping_status":"closed","template":"template-gutenberg.php","meta":{"editor_plus_copied_stylings":"{}","_mi_skip_tracking":false,"_monsterinsights_sitenote_active":false,"_monsterinsights_sitenote_note":"","_monsterinsights_sitenote_category":0,"footnotes":""},"class_list":["post-946","page","type-page","status-publish","hentry"],"yoast_head":"<!-- This site is optimized with the Yoast SEO plugin v21.4 - https:\/\/yoast.com\/wordpress\/plugins\/seo\/ -->\n<title>R\u00c9FLEXOLOGIE &amp; MODELAGES - Sandrine Briot - Cabinet Osmose<\/title>\n<meta name=\"description\" content=\"Sandrine Briot - Cabinet Osmose R\u00c9FLEXOLOGIE &amp; MODELAGES\" \/>\n<meta name=\"robots\" content=\"index, follow, max-snippet:-1, max-image-preview:large, max-video-preview:-1\" \/>\n<link rel=\"canonical\" href=\"https:\/\/cabinetosmose.com\/index.php\/reflexologie-3\/\" \/>\n<meta property=\"og:locale\" content=\"fr_FR\" \/>\n<meta property=\"og:type\" content=\"article\" \/>\n<meta property=\"og:title\" content=\"R\u00c9FLEXOLOGIE &amp; MODELAGES - Sandrine Briot - Cabinet Osmose\" \/>\n<meta property=\"og:description\" content=\"Sandrine Briot - Cabinet Osmose R\u00c9FLEXOLOGIE &amp; MODELAGES\" \/>\n<meta property=\"og:url\" content=\"https:\/\/cabinetosmose.com\/index.php\/reflexologie-3\/\" \/>\n<meta property=\"og:site_name\" content=\"Sandrine Briot - Cabinet Osmose\" \/>\n<meta property=\"article:publisher\" content=\"https:\/\/www.facebook.com\/profile.php?id=100070860880540\" \/>\n<meta property=\"article:modified_time\" content=\"2025-02-10T15:23:22+00:00\" \/>\n<meta property=\"og:image\" content=\"https:\/\/cabinetosmose.com\/wp-content\/uploads\/2025\/02\/tarifs-reflexo-1-1024x576.png\" \/>\n<meta name=\"twitter:card\" content=\"summary_large_image\" \/>\n<meta name=\"twitter:label1\" content=\"Dur\u00e9e de lecture estim\u00e9e\" \/>\n\t<meta name=\"twitter:data1\" content=\"1 minute\" \/>\n<script type=\"application\/ld+json\" class=\"yoast-schema-graph\">{\"@context\":\"https:\/\/schema.org\",\"@graph\":[{\"@type\":\"WebPage\",\"@id\":\"https:\/\/cabinetosmose.com\/index.php\/reflexologie-3\/\",\"url\":\"https:\/\/cabinetosmose.com\/index.php\/reflexologie-3\/\",\"name\":\"R\u00c9FLEXOLOGIE & MODELAGES - Sandrine Briot - Cabinet Osmose\",\"isPartOf\":{\"@id\":\"https:\/\/cabinetosmose.com\/#website\"},\"datePublished\":\"2021-08-02T08:50:23+00:00\",\"dateModified\":\"2025-02-10T15:23:22+00:00\",\"description\":\"Sandrine Briot - Cabinet Osmose R\u00c9FLEXOLOGIE & MODELAGES\",\"breadcrumb\":{\"@id\":\"https:\/\/cabinetosmose.com\/index.php\/reflexologie-3\/#breadcrumb\"},\"inLanguage\":\"fr-FR\",\"potentialAction\":[{\"@type\":\"ReadAction\",\"target\":[\"https:\/\/cabinetosmose.com\/index.php\/reflexologie-3\/\"]}]},{\"@type\":\"BreadcrumbList\",\"@id\":\"https:\/\/cabinetosmose.com\/index.php\/reflexologie-3\/#breadcrumb\",\"itemListElement\":[{\"@type\":\"ListItem\",\"position\":1,\"name\":\"Accueil\",\"item\":\"https:\/\/cabinetosmose.com\/\"},{\"@type\":\"ListItem\",\"position\":2,\"name\":\"R\u00c9FLEXOLOGIE &#038; MODELAGES\"}]},{\"@type\":\"WebSite\",\"@id\":\"https:\/\/cabinetosmose.com\/#website\",\"url\":\"https:\/\/cabinetosmose.com\/\",\"name\":\"Sandrine Briot - Cabinet Osmose\",\"description\":\"Sophrologue Certifi\u00e9e RNCP (Sp\u00e9cialis\u00e9e en Canc\u00e9rologie)- R\u00e9flexologue- Naturopathe Certifi\u00e9e- Conf\u00e9renci\u00e8re Fran\u00e7ais\/Anglais -EI\",\"publisher\":{\"@id\":\"https:\/\/cabinetosmose.com\/#organization\"},\"alternateName\":\"Sophrologue - Naturopathe - Reflexologue\",\"potentialAction\":[{\"@type\":\"SearchAction\",\"target\":{\"@type\":\"EntryPoint\",\"urlTemplate\":\"https:\/\/cabinetosmose.com\/?s={search_term_string}\"},\"query-input\":\"required name=search_term_string\"}],\"inLanguage\":\"fr-FR\"},{\"@type\":\"Organization\",\"@id\":\"https:\/\/cabinetosmose.com\/#organization\",\"name\":\"Sandrine Briot - Cabinet Osmose\",\"alternateName\":\"Sophrologue - Naturopathe - Reflexologue\",\"url\":\"https:\/\/cabinetosmose.com\/\",\"logo\":{\"@type\":\"ImageObject\",\"inLanguage\":\"fr-FR\",\"@id\":\"https:\/\/cabinetosmose.com\/#\/schema\/logo\/image\/\",\"url\":\"https:\/\/cabinetosmose.com\/wp-content\/uploads\/2023\/09\/logo-osmose.jpg\",\"contentUrl\":\"https:\/\/cabinetosmose.com\/wp-content\/uploads\/2023\/09\/logo-osmose.jpg\",\"width\":696,\"height\":696,\"caption\":\"Sandrine Briot - Cabinet Osmose\"},\"image\":{\"@id\":\"https:\/\/cabinetosmose.com\/#\/schema\/logo\/image\/\"},\"sameAs\":[\"https:\/\/www.facebook.com\/profile.php?id=100070860880540\",\"https:\/\/www.instagram.com\/cabinetosmose_sandrinebriot\/\",\"https:\/\/www.linkedin.com\/in\/sandrine-briot-a419b5bb\/\"]}]}<\/script>\n<!-- \/ Yoast SEO plugin. -->","yoast_head_json":{"title":"R\u00c9FLEXOLOGIE & MODELAGES - Sandrine Briot - Cabinet Osmose","description":"Sandrine Briot - Cabinet Osmose R\u00c9FLEXOLOGIE & MODELAGES","robots":{"index":"index","follow":"follow","max-snippet":"max-snippet:-1","max-image-preview":"max-image-preview:large","max-video-preview":"max-video-preview:-1"},"canonical":"https:\/\/cabinetosmose.com\/index.php\/reflexologie-3\/","og_locale":"fr_FR","og_type":"article","og_title":"R\u00c9FLEXOLOGIE & MODELAGES - Sandrine Briot - Cabinet Osmose","og_description":"Sandrine Briot - Cabinet Osmose R\u00c9FLEXOLOGIE & MODELAGES","og_url":"https:\/\/cabinetosmose.com\/index.php\/reflexologie-3\/","og_site_name":"Sandrine Briot - Cabinet Osmose","article_publisher":"https:\/\/www.facebook.com\/profile.php?id=100070860880540","article_modified_time":"2025-02-10T15:23:22+00:00","og_image":[{"url":"https:\/\/cabinetosmose.com\/wp-content\/uploads\/2025\/02\/tarifs-reflexo-1-1024x576.png"}],"twitter_card":"summary_large_image","twitter_misc":{"Dur\u00e9e de lecture estim\u00e9e":"1 minute"},"schema":{"@context":"https:\/\/schema.org","@graph":[{"@type":"WebPage","@id":"https:\/\/cabinetosmose.com\/index.php\/reflexologie-3\/","url":"https:\/\/cabinetosmose.com\/index.php\/reflexologie-3\/","name":"R\u00c9FLEXOLOGIE & MODELAGES - Sandrine Briot - Cabinet Osmose","isPartOf":{"@id":"https:\/\/cabinetosmose.com\/#website"},"datePublished":"2021-08-02T08:50:23+00:00","dateModified":"2025-02-10T15:23:22+00:00","description":"Sandrine Briot - Cabinet Osmose R\u00c9FLEXOLOGIE & MODELAGES","breadcrumb":{"@id":"https:\/\/cabinetosmose.com\/index.php\/reflexologie-3\/#breadcrumb"},"inLanguage":"fr-FR","potentialAction":[{"@type":"ReadAction","target":["https:\/\/cabinetosmose.com\/index.php\/reflexologie-3\/"]}]},{"@type":"BreadcrumbList","@id":"https:\/\/cabinetosmose.com\/index.php\/reflexologie-3\/#breadcrumb","itemListElement":[{"@type":"ListItem","position":1,"name":"Accueil","item":"https:\/\/cabinetosmose.com\/"},{"@type":"ListItem","position":2,"name":"R\u00c9FLEXOLOGIE &#038; MODELAGES"}]},{"@type":"WebSite","@id":"https:\/\/cabinetosmose.com\/#website","url":"https:\/\/cabinetosmose.com\/","name":"Sandrine Briot - Cabinet Osmose","description":"Sophrologue Certifi\u00e9e RNCP (Sp\u00e9cialis\u00e9e en Canc\u00e9rologie)- R\u00e9flexologue- Naturopathe Certifi\u00e9e- Conf\u00e9renci\u00e8re Fran\u00e7ais\/Anglais -EI","publisher":{"@id":"https:\/\/cabinetosmose.com\/#organization"},"alternateName":"Sophrologue - Naturopathe - Reflexologue","potentialAction":[{"@type":"SearchAction","target":{"@type":"EntryPoint","urlTemplate":"https:\/\/cabinetosmose.com\/?s={search_term_string}"},"query-input":"required name=search_term_string"}],"inLanguage":"fr-FR"},{"@type":"Organization","@id":"https:\/\/cabinetosmose.com\/#organization","name":"Sandrine Briot - Cabinet Osmose","alternateName":"Sophrologue - Naturopathe - Reflexologue","url":"https:\/\/cabinetosmose.com\/","logo":{"@type":"ImageObject","inLanguage":"fr-FR","@id":"https:\/\/cabinetosmose.com\/#\/schema\/logo\/image\/","url":"https:\/\/cabinetosmose.com\/wp-content\/uploads\/2023\/09\/logo-osmose.jpg","contentUrl":"https:\/\/cabinetosmose.com\/wp-content\/uploads\/2023\/09\/logo-osmose.jpg","width":696,"height":696,"caption":"Sandrine Briot - Cabinet Osmose"},"image":{"@id":"https:\/\/cabinetosmose.com\/#\/schema\/logo\/image\/"},"sameAs":["https:\/\/www.facebook.com\/profile.php?id=100070860880540","https:\/\/www.instagram.com\/cabinetosmose_sandrinebriot\/","https:\/\/www.linkedin.com\/in\/sandrine-briot-a419b5bb\/"]}]}},"_links":{"self":[{"href":"https:\/\/cabinetosmose.com\/index.php\/wp-json\/wp\/v2\/pages\/946","targetHints":{"allow":["GET"]}}],"collection":[{"href":"https:\/\/cabinetosmose.com\/index.php\/wp-json\/wp\/v2\/pages"}],"about":[{"href":"https:\/\/cabinetosmose.com\/index.php\/wp-json\/wp\/v2\/types\/page"}],"author":[{"embeddable":true,"href":"https:\/\/cabinetosmose.com\/index.php\/wp-json\/wp\/v2\/users\/2"}],"replies":[{"embeddable":true,"href":"https:\/\/cabinetosmose.com\/index.php\/wp-json\/wp\/v2\/comments?post=946"}],"version-history":[{"count":15,"href":"https:\/\/cabinetosmose.com\/index.php\/wp-json\/wp\/v2\/pages\/946\/revisions"}],"predecessor-version":[{"id":3791,"href":"https:\/\/cabinetosmose.com\/index.php\/wp-json\/wp\/v2\/pages\/946\/revisions\/3791"}],"wp:attachment":[{"href":"https:\/\/cabinetosmose.com\/index.php\/wp-json\/wp\/v2\/media?parent=946"}],"curies":[{"name":"wp","href":"https:\/\/api.w.org\/{rel}","templated":true}]}}